{"id":58820,"date":"2023-06-07T12:27:52","date_gmt":"2023-06-07T12:27:52","guid":{"rendered":"https:\/\/www.xyztec.com\/funktionen\/automatisierung\/datenkommunikation\/"},"modified":"2023-10-12T11:53:01","modified_gmt":"2023-10-12T11:53:01","slug":"datenkommunikation","status":"publish","type":"page","link":"https:\/\/www.xyztec.com\/de\/funktionen\/automatisierung\/datenkommunikation\/","title":{"rendered":"Datenkommunikation"},"content":{"rendered":"\t\t<div data-elementor-type=\"wp-page\" data-elementor-id=\"58820\" class=\"elementor elementor-58820 elementor-69\" data-elementor-post-type=\"page\">\n\t\t\t\t\t\t<section class=\"elementor-section elementor-top-section elementor-element elementor-element-800f769 elementor-section-height-min-height elementor-section-items-top elementor-section-content-middle elementor-section-full_width elementor-section-height-default\" data-id=\"800f769\" data-element_type=\"section\" data-e-type=\"section\" data-settings=\"{&quot;background_background&quot;:&quot;classic&quot;}\">\n\t\t\t\t\t\t<div class=\"elementor-container elementor-column-gap-default\">\n\t\t\t\t\t<div class=\"elementor-column elementor-col-100 elementor-top-column elementor-element elementor-element-7f772dd\" data-id=\"7f772dd\" data-element_type=\"column\" data-e-type=\"column\">\n\t\t\t<div class=\"elementor-widget-wrap elementor-element-populated\">\n\t\t\t\t\t\t<section class=\"elementor-section elementor-inner-section elementor-element elementor-element-716ca11 elementor-section-boxed elementor-section-height-default elementor-section-height-default\" data-id=\"716ca11\" data-element_type=\"section\" data-e-type=\"section\">\n\t\t\t\t\t\t<div class=\"elementor-container elementor-column-gap-default\">\n\t\t\t\t\t<div class=\"elementor-column elementor-col-100 elementor-inner-column elementor-element elementor-element-c5f5ad9\" data-id=\"c5f5ad9\" data-element_type=\"column\" data-e-type=\"column\" data-settings=\"{&quot;background_background&quot;:&quot;classic&quot;}\">\n\t\t\t<div class=\"elementor-widget-wrap elementor-element-populated\">\n\t\t\t\t\t\t<div class=\"elementor-element elementor-element-0905fd7 elementor-absolute elementor-widget__width-initial elementor-widget elementor-widget-heading\" data-id=\"0905fd7\" data-element_type=\"widget\" data-e-type=\"widget\" data-settings=\"{&quot;_position&quot;:&quot;absolute&quot;}\" data-widget_type=\"heading.default\">\n\t\t\t\t<div class=\"elementor-widget-container\">\n\t\t\t\t\t<h1 class=\"elementor-heading-title elementor-size-default\">Datenkommunikation<\/h1>\t\t\t\t<\/div>\n\t\t\t\t<\/div>\n\t\t\t\t<div class=\"elementor-element elementor-element-623ee15 elementor-hidden-mobile elementor-widget elementor-widget-heading\" data-id=\"623ee15\" data-element_type=\"widget\" data-e-type=\"widget\" data-widget_type=\"heading.default\">\n\t\t\t\t<div class=\"elementor-widget-container\">\n\t\t\t\t\t<h2 class=\"elementor-heading-title elementor-size-default\">Automatische Analyse<\/h2>\t\t\t\t<\/div>\n\t\t\t\t<\/div>\n\t\t\t\t\t<\/div>\n\t\t<\/div>\n\t\t\t\t\t<\/div>\n\t\t<\/section>\n\t\t\t\t\t<\/div>\n\t\t<\/div>\n\t\t\t\t\t<\/div>\n\t\t<\/section>\n\t\t\t\t<section class=\"elementor-section elementor-top-section elementor-element elementor-element-fe8e52c elementor-section-boxed elementor-section-height-default elementor-section-height-default\" data-id=\"fe8e52c\" data-element_type=\"section\" data-e-type=\"section\">\n\t\t\t\t\t\t<div class=\"elementor-container elementor-column-gap-default\">\n\t\t\t\t\t<div class=\"elementor-column elementor-col-100 elementor-top-column elementor-element elementor-element-2f4c325\" data-id=\"2f4c325\" data-element_type=\"column\" data-e-type=\"column\">\n\t\t\t<div class=\"elementor-widget-wrap elementor-element-populated\">\n\t\t\t\t\t\t<section class=\"elementor-section elementor-inner-section elementor-element elementor-element-6293cf6 elementor-section-boxed elementor-section-height-default elementor-section-height-default\" data-id=\"6293cf6\" data-element_type=\"section\" data-e-type=\"section\">\n\t\t\t\t\t\t<div class=\"elementor-container elementor-column-gap-default\">\n\t\t\t\t\t<div class=\"elementor-column elementor-col-100 elementor-inner-column elementor-element elementor-element-fe0d176\" data-id=\"fe0d176\" data-element_type=\"column\" data-e-type=\"column\">\n\t\t\t<div class=\"elementor-widget-wrap elementor-element-populated\">\n\t\t\t\t\t\t<div class=\"elementor-element elementor-element-31b0e35 elementor-widget elementor-widget-image\" data-id=\"31b0e35\" data-element_type=\"widget\" data-e-type=\"widget\" data-widget_type=\"image.default\">\n\t\t\t\t<div class=\"elementor-widget-container\">\n\t\t\t\t\t\t\t\t\t\t\t\t\t\t\t<img fetchpriority=\"high\" decoding=\"async\" width=\"1597\" height=\"388\" src=\"https:\/\/www.xyztec.com\/wp-content\/uploads\/2023\/05\/Automation-datacommuniction.png\" class=\"attachment-full size-full wp-image-43447\" alt=\"Automation datacommuniction\" srcset=\"https:\/\/www.xyztec.com\/wp-content\/uploads\/2023\/05\/Automation-datacommuniction.png 1597w, https:\/\/www.xyztec.com\/wp-content\/uploads\/2023\/05\/Automation-datacommuniction-300x73.png 300w, https:\/\/www.xyztec.com\/wp-content\/uploads\/2023\/05\/Automation-datacommuniction-1024x249.png 1024w, https:\/\/www.xyztec.com\/wp-content\/uploads\/2023\/05\/Automation-datacommuniction-768x187.png 768w, https:\/\/www.xyztec.com\/wp-content\/uploads\/2023\/05\/Automation-datacommuniction-1536x373.png 1536w\" sizes=\"(max-width: 1597px) 100vw, 1597px\" \/>\t\t\t\t\t\t\t\t\t\t\t\t\t\t\t<\/div>\n\t\t\t\t<\/div>\n\t\t\t\t\t<\/div>\n\t\t<\/div>\n\t\t\t\t\t<\/div>\n\t\t<\/section>\n\t\t\t\t<section class=\"elementor-section elementor-inner-section elementor-element elementor-element-22de4dd elementor-section-boxed elementor-section-height-default elementor-section-height-default\" data-id=\"22de4dd\" data-element_type=\"section\" data-e-type=\"section\">\n\t\t\t\t\t\t<div class=\"elementor-container elementor-column-gap-default\">\n\t\t\t\t\t<div class=\"elementor-column elementor-col-100 elementor-inner-column elementor-element elementor-element-3192ca4\" data-id=\"3192ca4\" data-element_type=\"column\" data-e-type=\"column\">\n\t\t\t<div class=\"elementor-widget-wrap elementor-element-populated\">\n\t\t\t\t\t\t<div class=\"elementor-element elementor-element-a98ae97 elementor-widget elementor-widget-menu-anchor\" data-id=\"a98ae97\" data-element_type=\"widget\" data-e-type=\"widget\" data-widget_type=\"menu-anchor.default\">\n\t\t\t\t<div class=\"elementor-widget-container\">\n\t\t\t\t\t\t\t<div class=\"elementor-menu-anchor\" id=\"Daten-Export\"><\/div>\n\t\t\t\t\t\t<\/div>\n\t\t\t\t<\/div>\n\t\t\t\t<div class=\"elementor-element elementor-element-5d7f7d8 elementor-widget elementor-widget-heading\" data-id=\"5d7f7d8\" data-element_type=\"widget\" data-e-type=\"widget\" data-widget_type=\"heading.default\">\n\t\t\t\t<div class=\"elementor-widget-container\">\n\t\t\t\t\t<h2 class=\"elementor-heading-title elementor-size-default\">Automatischer Datenexport<\/h2>\t\t\t\t<\/div>\n\t\t\t\t<\/div>\n\t\t\t\t<div class=\"elementor-element elementor-element-d65c104 elementor-widget elementor-widget-text-editor\" data-id=\"d65c104\" data-element_type=\"widget\" data-e-type=\"widget\" data-widget_type=\"text-editor.default\">\n\t\t\t\t<div class=\"elementor-widget-container\">\n\t\t\t\t\t\t\t\t\t<p><span class=\"tlid-translation translation\" lang=\"de\"><span title=\"\">Speichern Sie die Berichte nach mehreren Messungen automatisch.<\/span> <span class=\"\" title=\"\">Der Editor unterst\u00fctzt den Export in Dateien, serielle Schnittstellen, Zwischenablagen und andere Protokolle wie SECS \/ GEM.<\/span><\/span><\/p>\n\t\t\t\t\t\t\t\t<\/div>\n\t\t\t\t<\/div>\n\t\t\t\t\t<\/div>\n\t\t<\/div>\n\t\t\t\t\t<\/div>\n\t\t<\/section>\n\t\t\t\t\t<\/div>\n\t\t<\/div>\n\t\t\t\t\t<\/div>\n\t\t<\/section>\n\t\t\t\t<section class=\"elementor-section elementor-top-section elementor-element elementor-element-359c861 elementor-section-boxed elementor-section-height-default elementor-section-height-default\" data-id=\"359c861\" data-element_type=\"section\" data-e-type=\"section\">\n\t\t\t\t\t\t<div class=\"elementor-container elementor-column-gap-default\">\n\t\t\t\t\t<div class=\"elementor-column elementor-col-100 elementor-top-column elementor-element elementor-element-884098a\" data-id=\"884098a\" data-element_type=\"column\" data-e-type=\"column\">\n\t\t\t<div class=\"elementor-widget-wrap elementor-element-populated\">\n\t\t\t\t\t\t<div class=\"elementor-element elementor-element-966e765 elementor-widget elementor-widget-menu-anchor\" data-id=\"966e765\" data-element_type=\"widget\" data-e-type=\"widget\" data-widget_type=\"menu-anchor.default\">\n\t\t\t\t<div class=\"elementor-widget-container\">\n\t\t\t\t\t\t\t<div class=\"elementor-menu-anchor\" id=\"SQL\"><\/div>\n\t\t\t\t\t\t<\/div>\n\t\t\t\t<\/div>\n\t\t\t\t<section class=\"elementor-section elementor-inner-section elementor-element elementor-element-15bd861 elementor-section-boxed elementor-section-height-default elementor-section-height-default\" data-id=\"15bd861\" data-element_type=\"section\" data-e-type=\"section\">\n\t\t\t\t\t\t<div class=\"elementor-container elementor-column-gap-default\">\n\t\t\t\t\t<div class=\"elementor-column elementor-col-50 elementor-inner-column elementor-element elementor-element-5188bba\" data-id=\"5188bba\" data-element_type=\"column\" data-e-type=\"column\">\n\t\t\t<div class=\"elementor-widget-wrap elementor-element-populated\">\n\t\t\t\t\t\t<div class=\"elementor-element elementor-element-63038a4 elementor-widget elementor-widget-image\" data-id=\"63038a4\" data-element_type=\"widget\" data-e-type=\"widget\" data-widget_type=\"image.default\">\n\t\t\t\t<div class=\"elementor-widget-container\">\n\t\t\t\t\t\t\t\t\t\t\t\t\t\t\t<img decoding=\"async\" src=\"https:\/\/www.xyztec.com\/wp-content\/uploads\/elementor\/thumbs\/Central-database--r562lqtmy3wm7qc1t4txa8vlps3qq276vj4etk4lyg.jpg\" title=\"Central database\" alt=\"Central database\" loading=\"lazy\" \/>\t\t\t\t\t\t\t\t\t\t\t\t\t\t\t<\/div>\n\t\t\t\t<\/div>\n\t\t\t\t\t<\/div>\n\t\t<\/div>\n\t\t\t\t<div class=\"elementor-column elementor-col-50 elementor-inner-column elementor-element elementor-element-c1f36be\" data-id=\"c1f36be\" data-element_type=\"column\" data-e-type=\"column\">\n\t\t\t<div class=\"elementor-widget-wrap elementor-element-populated\">\n\t\t\t\t\t\t<div class=\"elementor-element elementor-element-2ad4731 elementor-widget elementor-widget-heading\" data-id=\"2ad4731\" data-element_type=\"widget\" data-e-type=\"widget\" data-widget_type=\"heading.default\">\n\t\t\t\t<div class=\"elementor-widget-container\">\n\t\t\t\t\t<h2 class=\"elementor-heading-title elementor-size-default\">Zwischen Systemen teilen<\/h2>\t\t\t\t<\/div>\n\t\t\t\t<\/div>\n\t\t\t\t<div class=\"elementor-element elementor-element-ca6c384 elementor-widget elementor-widget-text-editor\" data-id=\"ca6c384\" data-element_type=\"widget\" data-e-type=\"widget\" data-widget_type=\"text-editor.default\">\n\t\t\t\t<div class=\"elementor-widget-container\">\n\t\t\t\t\t\t\t\t\t<ul class=\"bulletimg\">\r\n \t<li style=\"font-size: 16px;\">SQL basierendes System<\/li>\r\n \t<li><span class=\"tlid-translation translation\" lang=\"de\"><span class=\"\" title=\"\">Teilen Sie alle Setups und Daten zwischen Maschinen<\/span><\/span><\/li>\r\n \t<li><span class=\"tlid-translation translation\" lang=\"de\"><span class=\"\" title=\"\">Zentralisierte Sicherung<\/span><\/span><\/li>\r\n \t<li><span class=\"tlid-translation translation\" lang=\"de\"><span class=\"\" title=\"\">Speicherkapazit\u00e4t<\/span><\/span><\/li>\r\n \t<li><span class=\"tlid-translation translation\" lang=\"de\"><span class=\"\" title=\"\">Historische Informationsaufzeichnungen<\/span><\/span><\/li>\r\n \t<li><span class=\"tlid-translation translation\" lang=\"de\"><span class=\"\" title=\"\">Datenintegrit\u00e4t<\/span><\/span><strong>\u00a0<\/strong><\/li>\r\n<\/ul>\t\t\t\t\t\t\t\t<\/div>\n\t\t\t\t<\/div>\n\t\t\t\t<div class=\"elementor-element elementor-element-285e6ec elementor-align-left elementor-widget elementor-widget-button\" data-id=\"285e6ec\" data-element_type=\"widget\" data-e-type=\"widget\" data-widget_type=\"button.default\">\n\t\t\t\t<div class=\"elementor-widget-container\">\n\t\t\t\t\t\t\t\t\t<div class=\"elementor-button-wrapper\">\n\t\t\t\t\t<a class=\"elementor-button elementor-button-link elementor-size-sm\" href=\"https:\/\/www.xyztec.com\/de\/funktionen\/software\/#data\">\n\t\t\t\t\t\t<span class=\"elementor-button-content-wrapper\">\n\t\t\t\t\t\t\t\t\t<span class=\"elementor-button-text\">Weiterlesen<\/span>\n\t\t\t\t\t<\/span>\n\t\t\t\t\t<\/a>\n\t\t\t\t<\/div>\n\t\t\t\t\t\t\t\t<\/div>\n\t\t\t\t<\/div>\n\t\t\t\t\t<\/div>\n\t\t<\/div>\n\t\t\t\t\t<\/div>\n\t\t<\/section>\n\t\t\t\t\t<\/div>\n\t\t<\/div>\n\t\t\t\t\t<\/div>\n\t\t<\/section>\n\t\t\t\t<section class=\"elementor-section elementor-top-section elementor-element elementor-element-93e5676 elementor-section-boxed elementor-section-height-default elementor-section-height-default\" data-id=\"93e5676\" data-element_type=\"section\" data-e-type=\"section\">\n\t\t\t\t\t\t<div class=\"elementor-container elementor-column-gap-default\">\n\t\t\t\t\t<div class=\"elementor-column elementor-col-100 elementor-top-column elementor-element elementor-element-ea9c5cc\" data-id=\"ea9c5cc\" data-element_type=\"column\" data-e-type=\"column\">\n\t\t\t<div class=\"elementor-widget-wrap elementor-element-populated\">\n\t\t\t\t\t\t<div class=\"elementor-element elementor-element-27cbf2b elementor-widget elementor-widget-menu-anchor\" data-id=\"27cbf2b\" data-element_type=\"widget\" data-e-type=\"widget\" data-widget_type=\"menu-anchor.default\">\n\t\t\t\t<div class=\"elementor-widget-container\">\n\t\t\t\t\t\t\t<div class=\"elementor-menu-anchor\" id=\"SECSGEM\"><\/div>\n\t\t\t\t\t\t<\/div>\n\t\t\t\t<\/div>\n\t\t\t\t<section class=\"elementor-section elementor-inner-section elementor-element elementor-element-981fb6a elementor-section-boxed elementor-section-height-default elementor-section-height-default\" data-id=\"981fb6a\" data-element_type=\"section\" data-e-type=\"section\">\n\t\t\t\t\t\t<div class=\"elementor-container elementor-column-gap-default\">\n\t\t\t\t\t<div class=\"elementor-column elementor-col-50 elementor-inner-column elementor-element elementor-element-192fe9d\" data-id=\"192fe9d\" data-element_type=\"column\" data-e-type=\"column\">\n\t\t\t<div class=\"elementor-widget-wrap elementor-element-populated\">\n\t\t\t\t\t\t<div class=\"elementor-element elementor-element-8df60e1 elementor-widget elementor-widget-heading\" data-id=\"8df60e1\" data-element_type=\"widget\" data-e-type=\"widget\" data-widget_type=\"heading.default\">\n\t\t\t\t<div class=\"elementor-widget-container\">\n\t\t\t\t\t<h2 class=\"elementor-heading-title elementor-size-default\">SECS\/GEM<\/h2>\t\t\t\t<\/div>\n\t\t\t\t<\/div>\n\t\t\t\t<div class=\"elementor-element elementor-element-dffe089 elementor-widget elementor-widget-text-editor\" data-id=\"dffe089\" data-element_type=\"widget\" data-e-type=\"widget\" data-widget_type=\"text-editor.default\">\n\t\t\t\t<div class=\"elementor-widget-container\">\n\t\t\t\t\t\t\t\t\t<p><span class=\"tlid-translation translation\" lang=\"de\"><span title=\"\">SECS \/ GEM ist ein Ger\u00e4teschnittstellenprotokoll f\u00fcr die Datenkommunikation von Ger\u00e4t zu Host in der Halbleiterindustrie.<\/span> <span class=\"\" title=\"\">Viele Kunden von xyztec verwenden die bidirektionale SECS \/ GEM-Funktion des Sigma f\u00fcr Testergebnisse, Bilder, Rezepte und andere Daten.<\/span><\/span><\/p>\n\t\t\t\t\t\t\t\t<\/div>\n\t\t\t\t<\/div>\n\t\t\t\t\t<\/div>\n\t\t<\/div>\n\t\t\t\t<div class=\"elementor-column elementor-col-50 elementor-inner-column elementor-element elementor-element-f145f54\" data-id=\"f145f54\" data-element_type=\"column\" data-e-type=\"column\">\n\t\t\t<div class=\"elementor-widget-wrap elementor-element-populated\">\n\t\t\t\t\t\t<div class=\"elementor-element elementor-element-f94a07a elementor-widget elementor-widget-image\" data-id=\"f94a07a\" data-element_type=\"widget\" data-e-type=\"widget\" data-widget_type=\"image.default\">\n\t\t\t\t<div class=\"elementor-widget-container\">\n\t\t\t\t\t\t\t\t\t\t\t\t\t\t\t<img decoding=\"async\" width=\"600\" height=\"136\" src=\"https:\/\/www.xyztec.com\/wp-content\/uploads\/2023\/05\/SECSGEM.jpg\" class=\"attachment-full size-full wp-image-43457\" alt=\"SECSGEM\" srcset=\"https:\/\/www.xyztec.com\/wp-content\/uploads\/2023\/05\/SECSGEM.jpg 600w, https:\/\/www.xyztec.com\/wp-content\/uploads\/2023\/05\/SECSGEM-300x68.jpg 300w\" sizes=\"(max-width: 600px) 100vw, 600px\" \/>\t\t\t\t\t\t\t\t\t\t\t\t\t\t\t<\/div>\n\t\t\t\t<\/div>\n\t\t\t\t\t<\/div>\n\t\t<\/div>\n\t\t\t\t\t<\/div>\n\t\t<\/section>\n\t\t\t\t\t<\/div>\n\t\t<\/div>\n\t\t\t\t\t<\/div>\n\t\t<\/section>\n\t\t\t\t<\/div>\n\t\t","protected":false},"excerpt":{"rendered":"<p>Datenkommunikation Automatische Analyse Automatischer Datenexport Speichern Sie die Berichte nach mehreren Messungen automatisch. Der Editor unterst\u00fctzt den Export in Dateien, serielle Schnittstellen, Zwischenablagen und andere Protokolle wie SECS \/ GEM. [&hellip;]<\/p>\n","protected":false},"author":29,"featured_media":50510,"parent":56705,"menu_order":0,"comment_status":"closed","ping_status":"closed","template":"elementor_header_footer","meta":{"_acf_changed":false,"footnotes":""},"class_list":["post-58820","page","type-page","status-publish","has-post-thumbnail","hentry"],"acf":[],"yoast_head":"<!-- This site is optimized with the Yoast SEO plugin v27.4 - https:\/\/yoast.com\/product\/yoast-seo-wordpress\/ -->\n<title>Austausch zwischen Systemen, flexibler Datenexport und SECS \/ GEM<\/title>\n<meta name=\"description\" content=\"Berichte nach Messungen automatisch speichern. Wir unterst\u00fctzen den Datenexport in Dateien, serielle Schnittstellen, Zwischenablagen und andere Protokolle wie SECS \/ GEM.\" \/>\n<meta name=\"robots\" content=\"index, follow, max-snippet:-1, max-image-preview:large, max-video-preview:-1\" \/>\n<link rel=\"canonical\" href=\"https:\/\/www.xyztec.com\/de\/funktionen\/automatisierung\/datenkommunikation\/\" \/>\n<meta property=\"og:locale\" content=\"de_DE\" \/>\n<meta property=\"og:type\" content=\"article\" \/>\n<meta property=\"og:title\" content=\"Austausch zwischen Systemen, flexibler Datenexport und SECS \/ GEM\" \/>\n<meta property=\"og:description\" content=\"Berichte nach Messungen automatisch speichern. Wir unterst\u00fctzen den Datenexport in Dateien, serielle Schnittstellen, Zwischenablagen und andere Protokolle wie SECS \/ GEM.\" \/>\n<meta property=\"og:url\" content=\"https:\/\/www.xyztec.com\/de\/funktionen\/automatisierung\/datenkommunikation\/\" \/>\n<meta property=\"og:site_name\" content=\"Xyztec\" \/>\n<meta property=\"article:modified_time\" content=\"2023-10-12T11:53:01+00:00\" \/>\n<meta property=\"og:image\" content=\"https:\/\/www.xyztec.com\/wp-content\/uploads\/2023\/05\/Central-database-1-1.jpeg\" \/>\n\t<meta property=\"og:image:width\" content=\"600\" \/>\n\t<meta property=\"og:image:height\" content=\"400\" \/>\n\t<meta property=\"og:image:type\" content=\"image\/jpeg\" \/>\n<meta name=\"twitter:card\" content=\"summary_large_image\" \/>\n<script type=\"application\/ld+json\" class=\"yoast-schema-graph\">{\"@context\":\"https:\\\/\\\/schema.org\",\"@graph\":[{\"@type\":\"WebPage\",\"@id\":\"https:\\\/\\\/www.xyztec.com\\\/de\\\/funktionen\\\/automatisierung\\\/datenkommunikation\\\/\",\"url\":\"https:\\\/\\\/www.xyztec.com\\\/de\\\/funktionen\\\/automatisierung\\\/datenkommunikation\\\/\",\"name\":\"Austausch zwischen Systemen, flexibler Datenexport und SECS \\\/ GEM\",\"isPartOf\":{\"@id\":\"https:\\\/\\\/www.xyztec.com\\\/de\\\/#website\"},\"primaryImageOfPage\":{\"@id\":\"https:\\\/\\\/www.xyztec.com\\\/de\\\/funktionen\\\/automatisierung\\\/datenkommunikation\\\/#primaryimage\"},\"image\":{\"@id\":\"https:\\\/\\\/www.xyztec.com\\\/de\\\/funktionen\\\/automatisierung\\\/datenkommunikation\\\/#primaryimage\"},\"thumbnailUrl\":\"https:\\\/\\\/www.xyztec.com\\\/wp-content\\\/uploads\\\/2023\\\/05\\\/Central-database-1-1.jpeg\",\"datePublished\":\"2023-06-07T12:27:52+00:00\",\"dateModified\":\"2023-10-12T11:53:01+00:00\",\"description\":\"Berichte nach Messungen automatisch speichern. Wir unterst\u00fctzen den Datenexport in Dateien, serielle Schnittstellen, Zwischenablagen und andere Protokolle wie SECS \\\/ GEM.\",\"breadcrumb\":{\"@id\":\"https:\\\/\\\/www.xyztec.com\\\/de\\\/funktionen\\\/automatisierung\\\/datenkommunikation\\\/#breadcrumb\"},\"inLanguage\":\"de\",\"potentialAction\":[{\"@type\":\"ReadAction\",\"target\":[\"https:\\\/\\\/www.xyztec.com\\\/de\\\/funktionen\\\/automatisierung\\\/datenkommunikation\\\/\"]}]},{\"@type\":\"ImageObject\",\"inLanguage\":\"de\",\"@id\":\"https:\\\/\\\/www.xyztec.com\\\/de\\\/funktionen\\\/automatisierung\\\/datenkommunikation\\\/#primaryimage\",\"url\":\"https:\\\/\\\/www.xyztec.com\\\/wp-content\\\/uploads\\\/2023\\\/05\\\/Central-database-1-1.jpeg\",\"contentUrl\":\"https:\\\/\\\/www.xyztec.com\\\/wp-content\\\/uploads\\\/2023\\\/05\\\/Central-database-1-1.jpeg\",\"width\":600,\"height\":400,\"caption\":\"Central database 1 1\"},{\"@type\":\"BreadcrumbList\",\"@id\":\"https:\\\/\\\/www.xyztec.com\\\/de\\\/funktionen\\\/automatisierung\\\/datenkommunikation\\\/#breadcrumb\",\"itemListElement\":[{\"@type\":\"ListItem\",\"position\":1,\"name\":\"Home\",\"item\":\"https:\\\/\\\/www.xyztec.com\\\/de\\\/\"},{\"@type\":\"ListItem\",\"position\":2,\"name\":\"Funktionen\",\"item\":\"https:\\\/\\\/www.xyztec.com\\\/de\\\/features\\\/\"},{\"@type\":\"ListItem\",\"position\":3,\"name\":\"Automatisierung\",\"item\":\"https:\\\/\\\/www.xyztec.com\\\/de\\\/features\\\/automation\\\/\"},{\"@type\":\"ListItem\",\"position\":4,\"name\":\"Datenkommunikation\"}]},{\"@type\":\"WebSite\",\"@id\":\"https:\\\/\\\/www.xyztec.com\\\/de\\\/#website\",\"url\":\"https:\\\/\\\/www.xyztec.com\\\/de\\\/\",\"name\":\"Xyztec\",\"description\":\"\",\"potentialAction\":[{\"@type\":\"SearchAction\",\"target\":{\"@type\":\"EntryPoint\",\"urlTemplate\":\"https:\\\/\\\/www.xyztec.com\\\/de\\\/?s={search_term_string}\"},\"query-input\":{\"@type\":\"PropertyValueSpecification\",\"valueRequired\":true,\"valueName\":\"search_term_string\"}}],\"inLanguage\":\"de\"}]}<\/script>\n<!-- \/ Yoast SEO plugin. -->","yoast_head_json":{"title":"Austausch zwischen Systemen, flexibler Datenexport und SECS \/ GEM","description":"Berichte nach Messungen automatisch speichern. Wir unterst\u00fctzen den Datenexport in Dateien, serielle Schnittstellen, Zwischenablagen und andere Protokolle wie SECS \/ GEM.","robots":{"index":"index","follow":"follow","max-snippet":"max-snippet:-1","max-image-preview":"max-image-preview:large","max-video-preview":"max-video-preview:-1"},"canonical":"https:\/\/www.xyztec.com\/de\/funktionen\/automatisierung\/datenkommunikation\/","og_locale":"de_DE","og_type":"article","og_title":"Austausch zwischen Systemen, flexibler Datenexport und SECS \/ GEM","og_description":"Berichte nach Messungen automatisch speichern. Wir unterst\u00fctzen den Datenexport in Dateien, serielle Schnittstellen, Zwischenablagen und andere Protokolle wie SECS \/ GEM.","og_url":"https:\/\/www.xyztec.com\/de\/funktionen\/automatisierung\/datenkommunikation\/","og_site_name":"Xyztec","article_modified_time":"2023-10-12T11:53:01+00:00","og_image":[{"width":600,"height":400,"url":"https:\/\/www.xyztec.com\/wp-content\/uploads\/2023\/05\/Central-database-1-1.jpeg","type":"image\/jpeg"}],"twitter_card":"summary_large_image","schema":{"@context":"https:\/\/schema.org","@graph":[{"@type":"WebPage","@id":"https:\/\/www.xyztec.com\/de\/funktionen\/automatisierung\/datenkommunikation\/","url":"https:\/\/www.xyztec.com\/de\/funktionen\/automatisierung\/datenkommunikation\/","name":"Austausch zwischen Systemen, flexibler Datenexport und SECS \/ GEM","isPartOf":{"@id":"https:\/\/www.xyztec.com\/de\/#website"},"primaryImageOfPage":{"@id":"https:\/\/www.xyztec.com\/de\/funktionen\/automatisierung\/datenkommunikation\/#primaryimage"},"image":{"@id":"https:\/\/www.xyztec.com\/de\/funktionen\/automatisierung\/datenkommunikation\/#primaryimage"},"thumbnailUrl":"https:\/\/www.xyztec.com\/wp-content\/uploads\/2023\/05\/Central-database-1-1.jpeg","datePublished":"2023-06-07T12:27:52+00:00","dateModified":"2023-10-12T11:53:01+00:00","description":"Berichte nach Messungen automatisch speichern. Wir unterst\u00fctzen den Datenexport in Dateien, serielle Schnittstellen, Zwischenablagen und andere Protokolle wie SECS \/ GEM.","breadcrumb":{"@id":"https:\/\/www.xyztec.com\/de\/funktionen\/automatisierung\/datenkommunikation\/#breadcrumb"},"inLanguage":"de","potentialAction":[{"@type":"ReadAction","target":["https:\/\/www.xyztec.com\/de\/funktionen\/automatisierung\/datenkommunikation\/"]}]},{"@type":"ImageObject","inLanguage":"de","@id":"https:\/\/www.xyztec.com\/de\/funktionen\/automatisierung\/datenkommunikation\/#primaryimage","url":"https:\/\/www.xyztec.com\/wp-content\/uploads\/2023\/05\/Central-database-1-1.jpeg","contentUrl":"https:\/\/www.xyztec.com\/wp-content\/uploads\/2023\/05\/Central-database-1-1.jpeg","width":600,"height":400,"caption":"Central database 1 1"},{"@type":"BreadcrumbList","@id":"https:\/\/www.xyztec.com\/de\/funktionen\/automatisierung\/datenkommunikation\/#breadcrumb","itemListElement":[{"@type":"ListItem","position":1,"name":"Home","item":"https:\/\/www.xyztec.com\/de\/"},{"@type":"ListItem","position":2,"name":"Funktionen","item":"https:\/\/www.xyztec.com\/de\/features\/"},{"@type":"ListItem","position":3,"name":"Automatisierung","item":"https:\/\/www.xyztec.com\/de\/features\/automation\/"},{"@type":"ListItem","position":4,"name":"Datenkommunikation"}]},{"@type":"WebSite","@id":"https:\/\/www.xyztec.com\/de\/#website","url":"https:\/\/www.xyztec.com\/de\/","name":"Xyztec","description":"","potentialAction":[{"@type":"SearchAction","target":{"@type":"EntryPoint","urlTemplate":"https:\/\/www.xyztec.com\/de\/?s={search_term_string}"},"query-input":{"@type":"PropertyValueSpecification","valueRequired":true,"valueName":"search_term_string"}}],"inLanguage":"de"}]}},"_links":{"self":[{"href":"https:\/\/www.xyztec.com\/de\/wp-json\/wp\/v2\/pages\/58820","targetHints":{"allow":["GET"]}}],"collection":[{"href":"https:\/\/www.xyztec.com\/de\/wp-json\/wp\/v2\/pages"}],"about":[{"href":"https:\/\/www.xyztec.com\/de\/wp-json\/wp\/v2\/types\/page"}],"author":[{"embeddable":true,"href":"https:\/\/www.xyztec.com\/de\/wp-json\/wp\/v2\/users\/29"}],"replies":[{"embeddable":true,"href":"https:\/\/www.xyztec.com\/de\/wp-json\/wp\/v2\/comments?post=58820"}],"version-history":[{"count":2,"href":"https:\/\/www.xyztec.com\/de\/wp-json\/wp\/v2\/pages\/58820\/revisions"}],"predecessor-version":[{"id":70192,"href":"https:\/\/www.xyztec.com\/de\/wp-json\/wp\/v2\/pages\/58820\/revisions\/70192"}],"up":[{"embeddable":true,"href":"https:\/\/www.xyztec.com\/de\/wp-json\/wp\/v2\/pages\/56705"}],"wp:featuredmedia":[{"embeddable":true,"href":"https:\/\/www.xyztec.com\/de\/wp-json\/wp\/v2\/media\/50510"}],"wp:attachment":[{"href":"https:\/\/www.xyztec.com\/de\/wp-json\/wp\/v2\/media?parent=58820"}],"curies":[{"name":"wp","href":"https:\/\/api.w.org\/{rel}","templated":true}]}}