{"id":61168,"date":"2023-06-08T11:30:58","date_gmt":"2023-06-08T11:30:58","guid":{"rendered":"https:\/\/www.xyztec.com\/funktionen\/automatisierung\/bildmessung-aoi\/"},"modified":"2023-10-12T12:03:14","modified_gmt":"2023-10-12T12:03:14","slug":"bildmessung-aoi","status":"publish","type":"page","link":"https:\/\/www.xyztec.com\/de\/funktionen\/automatisierung\/bildmessung-aoi\/","title":{"rendered":"Bildmessung (AOI)"},"content":{"rendered":"\t\t<div data-elementor-type=\"wp-page\" data-elementor-id=\"61168\" class=\"elementor elementor-61168 elementor-79\" data-elementor-post-type=\"page\">\n\t\t\t\t\t\t<section class=\"elementor-section elementor-top-section elementor-element elementor-element-e6efa03 elementor-section-height-min-height elementor-section-items-top elementor-section-content-middle elementor-section-full_width elementor-section-height-default\" data-id=\"e6efa03\" data-element_type=\"section\" data-e-type=\"section\" data-settings=\"{&quot;background_background&quot;:&quot;classic&quot;}\">\n\t\t\t\t\t\t<div class=\"elementor-container elementor-column-gap-default\">\n\t\t\t\t\t<div class=\"elementor-column elementor-col-100 elementor-top-column elementor-element elementor-element-ffbe246\" data-id=\"ffbe246\" data-element_type=\"column\" data-e-type=\"column\">\n\t\t\t<div class=\"elementor-widget-wrap elementor-element-populated\">\n\t\t\t\t\t\t<section class=\"elementor-section elementor-inner-section elementor-element elementor-element-04176e3 elementor-section-boxed elementor-section-height-default elementor-section-height-default\" data-id=\"04176e3\" data-element_type=\"section\" data-e-type=\"section\">\n\t\t\t\t\t\t<div class=\"elementor-container elementor-column-gap-default\">\n\t\t\t\t\t<div class=\"elementor-column elementor-col-100 elementor-inner-column elementor-element elementor-element-702f1b1\" data-id=\"702f1b1\" data-element_type=\"column\" data-e-type=\"column\" data-settings=\"{&quot;background_background&quot;:&quot;classic&quot;}\">\n\t\t\t<div class=\"elementor-widget-wrap elementor-element-populated\">\n\t\t\t\t\t\t<div class=\"elementor-element elementor-element-d5cd2d4 elementor-absolute elementor-widget__width-initial elementor-widget elementor-widget-heading\" data-id=\"d5cd2d4\" data-element_type=\"widget\" data-e-type=\"widget\" data-settings=\"{&quot;_position&quot;:&quot;absolute&quot;}\" data-widget_type=\"heading.default\">\n\t\t\t\t<div class=\"elementor-widget-container\">\n\t\t\t\t\t<h1 class=\"elementor-heading-title elementor-size-default\">Bildvermessung<\/h1>\t\t\t\t<\/div>\n\t\t\t\t<\/div>\n\t\t\t\t<div class=\"elementor-element elementor-element-55032be elementor-hidden-mobile elementor-widget elementor-widget-heading\" data-id=\"55032be\" data-element_type=\"widget\" data-e-type=\"widget\" data-widget_type=\"heading.default\">\n\t\t\t\t<div class=\"elementor-widget-container\">\n\t\t\t\t\t<h2 class=\"elementor-heading-title elementor-size-default\">Automatische Analyse<\/h2>\t\t\t\t<\/div>\n\t\t\t\t<\/div>\n\t\t\t\t\t<\/div>\n\t\t<\/div>\n\t\t\t\t\t<\/div>\n\t\t<\/section>\n\t\t\t\t\t<\/div>\n\t\t<\/div>\n\t\t\t\t\t<\/div>\n\t\t<\/section>\n\t\t\t\t<section class=\"elementor-section elementor-top-section elementor-element elementor-element-739f69e elementor-section-boxed elementor-section-height-default elementor-section-height-default\" data-id=\"739f69e\" data-element_type=\"section\" data-e-type=\"section\">\n\t\t\t\t\t\t<div class=\"elementor-container elementor-column-gap-default\">\n\t\t\t\t\t<div class=\"elementor-column elementor-col-100 elementor-top-column elementor-element elementor-element-26620d0\" data-id=\"26620d0\" data-element_type=\"column\" data-e-type=\"column\">\n\t\t\t<div class=\"elementor-widget-wrap elementor-element-populated\">\n\t\t\t\t\t\t<section class=\"elementor-section elementor-inner-section elementor-element elementor-element-74627e4 elementor-section-boxed elementor-section-height-default elementor-section-height-default\" data-id=\"74627e4\" data-element_type=\"section\" data-e-type=\"section\">\n\t\t\t\t\t\t<div class=\"elementor-container elementor-column-gap-default\">\n\t\t\t\t\t<div class=\"elementor-column elementor-col-100 elementor-inner-column elementor-element elementor-element-c18fff2\" data-id=\"c18fff2\" data-element_type=\"column\" data-e-type=\"column\">\n\t\t\t<div class=\"elementor-widget-wrap elementor-element-populated\">\n\t\t\t\t\t\t<div class=\"elementor-element elementor-element-532419c elementor-widget elementor-widget-image\" data-id=\"532419c\" data-element_type=\"widget\" data-e-type=\"widget\" data-widget_type=\"image.default\">\n\t\t\t\t<div class=\"elementor-widget-container\">\n\t\t\t\t\t\t\t\t\t\t\t\t\t\t\t<img fetchpriority=\"high\" decoding=\"async\" width=\"1597\" height=\"388\" src=\"https:\/\/www.xyztec.com\/wp-content\/uploads\/2023\/05\/Automation-imagemeasurement.png\" class=\"attachment-full size-full wp-image-43552\" alt=\"Automation imagemeasurement\" srcset=\"https:\/\/www.xyztec.com\/wp-content\/uploads\/2023\/05\/Automation-imagemeasurement.png 1597w, https:\/\/www.xyztec.com\/wp-content\/uploads\/2023\/05\/Automation-imagemeasurement-300x73.png 300w, https:\/\/www.xyztec.com\/wp-content\/uploads\/2023\/05\/Automation-imagemeasurement-1024x249.png 1024w, https:\/\/www.xyztec.com\/wp-content\/uploads\/2023\/05\/Automation-imagemeasurement-768x187.png 768w, https:\/\/www.xyztec.com\/wp-content\/uploads\/2023\/05\/Automation-imagemeasurement-1536x373.png 1536w\" sizes=\"(max-width: 1597px) 100vw, 1597px\" \/>\t\t\t\t\t\t\t\t\t\t\t\t\t\t\t<\/div>\n\t\t\t\t<\/div>\n\t\t\t\t\t<\/div>\n\t\t<\/div>\n\t\t\t\t\t<\/div>\n\t\t<\/section>\n\t\t\t\t\t<\/div>\n\t\t<\/div>\n\t\t\t\t\t<\/div>\n\t\t<\/section>\n\t\t\t\t<section class=\"elementor-section elementor-top-section elementor-element elementor-element-431a746 elementor-section-boxed elementor-section-height-default elementor-section-height-default\" data-id=\"431a746\" data-element_type=\"section\" data-e-type=\"section\">\n\t\t\t\t\t\t<div class=\"elementor-container elementor-column-gap-default\">\n\t\t\t\t\t<div class=\"elementor-column elementor-col-100 elementor-top-column elementor-element elementor-element-349096a\" data-id=\"349096a\" data-element_type=\"column\" data-e-type=\"column\">\n\t\t\t<div class=\"elementor-widget-wrap elementor-element-populated\">\n\t\t\t\t\t\t<section class=\"elementor-section elementor-inner-section elementor-element elementor-element-cf6fcd7 elementor-section-boxed elementor-section-height-default elementor-section-height-default\" data-id=\"cf6fcd7\" data-element_type=\"section\" data-e-type=\"section\">\n\t\t\t\t\t\t<div class=\"elementor-container elementor-column-gap-default\">\n\t\t\t\t\t<div class=\"elementor-column elementor-col-50 elementor-inner-column elementor-element elementor-element-57debd5\" data-id=\"57debd5\" data-element_type=\"column\" data-e-type=\"column\">\n\t\t\t<div class=\"elementor-widget-wrap elementor-element-populated\">\n\t\t\t\t\t\t<div class=\"elementor-element elementor-element-7a427dc elementor-widget elementor-widget-heading\" data-id=\"7a427dc\" data-element_type=\"widget\" data-e-type=\"widget\" data-widget_type=\"heading.default\">\n\t\t\t\t<div class=\"elementor-widget-container\">\n\t\t\t\t\t<h2 class=\"elementor-heading-title elementor-size-default\">Bildvermessung<\/h2>\t\t\t\t<\/div>\n\t\t\t\t<\/div>\n\t\t\t\t<div class=\"elementor-element elementor-element-0e4d904 elementor-widget elementor-widget-text-editor\" data-id=\"0e4d904\" data-element_type=\"widget\" data-e-type=\"widget\" data-widget_type=\"text-editor.default\">\n\t\t\t\t<div class=\"elementor-widget-container\">\n\t\t\t\t\t\t\t\t\t<p><span class=\"tlid-translation translation\" lang=\"de\"><span class=\"\" title=\"\">Eine detaillierte optische Inspektion hilft Ihnen, Bildvermessungen durchzuf\u00fchren oder die Fehlermodi der erfassten Testergebnisse zu identifizieren.<\/span><\/p>\n<p><span title=\"\">Messen Sie schnell manuell in aufgenommenen Bildern, indem Sie Linien oder Formen (Rechtecke, Ellipsen) zeichnen und messen:<\/span><\/span><\/p>\n<ul class=\"bulletimg\">\n<li>Abst\u00e4nde<\/li>\n<li>L\u00e4ngen<\/li>\n<li>Breiten<\/li>\n<li>H\u00f6hen<\/li>\n<li>Fl\u00e4chen<\/li>\n<\/ul>\n\t\t\t\t\t\t\t\t<\/div>\n\t\t\t\t<\/div>\n\t\t\t\t\t<\/div>\n\t\t<\/div>\n\t\t\t\t<div class=\"elementor-column elementor-col-50 elementor-inner-column elementor-element elementor-element-a103c3a\" data-id=\"a103c3a\" data-element_type=\"column\" data-e-type=\"column\">\n\t\t\t<div class=\"elementor-widget-wrap elementor-element-populated\">\n\t\t\t\t\t\t<div class=\"elementor-element elementor-element-e8f3368 elementor-widget elementor-widget-image\" data-id=\"e8f3368\" data-element_type=\"widget\" data-e-type=\"widget\" data-widget_type=\"image.default\">\n\t\t\t\t<div class=\"elementor-widget-container\">\n\t\t\t\t\t\t\t\t\t\t\t\t\t\t\t<img decoding=\"async\" width=\"600\" height=\"400\" src=\"https:\/\/www.xyztec.com\/wp-content\/uploads\/2023\/05\/image-measurement.jpg\" class=\"attachment-full size-full wp-image-43407\" alt=\"image measurement\" srcset=\"https:\/\/www.xyztec.com\/wp-content\/uploads\/2023\/05\/image-measurement.jpg 600w, https:\/\/www.xyztec.com\/wp-content\/uploads\/2023\/05\/image-measurement-300x200.jpg 300w\" sizes=\"(max-width: 600px) 100vw, 600px\" \/>\t\t\t\t\t\t\t\t\t\t\t\t\t\t\t<\/div>\n\t\t\t\t<\/div>\n\t\t\t\t\t<\/div>\n\t\t<\/div>\n\t\t\t\t\t<\/div>\n\t\t<\/section>\n\t\t\t\t\t<\/div>\n\t\t<\/div>\n\t\t\t\t\t<\/div>\n\t\t<\/section>\n\t\t\t\t<section class=\"elementor-section elementor-top-section elementor-element elementor-element-dc0b00c elementor-section-boxed elementor-section-height-default elementor-section-height-default\" data-id=\"dc0b00c\" data-element_type=\"section\" data-e-type=\"section\">\n\t\t\t\t\t\t<div class=\"elementor-container elementor-column-gap-default\">\n\t\t\t\t\t<div class=\"elementor-column elementor-col-100 elementor-top-column elementor-element elementor-element-0276171\" data-id=\"0276171\" data-element_type=\"column\" data-e-type=\"column\">\n\t\t\t<div class=\"elementor-widget-wrap elementor-element-populated\">\n\t\t\t\t\t\t<div class=\"elementor-element elementor-element-b5f5dcd elementor-widget elementor-widget-heading\" data-id=\"b5f5dcd\" data-element_type=\"widget\" data-e-type=\"widget\" data-widget_type=\"heading.default\">\n\t\t\t\t<div class=\"elementor-widget-container\">\n\t\t\t\t\t<h2 class=\"elementor-heading-title elementor-size-default\">Automatisierte optische Inspektion (AOI)<\/h2>\t\t\t\t<\/div>\n\t\t\t\t<\/div>\n\t\t\t\t<div class=\"elementor-element elementor-element-056e9e7 elementor-widget elementor-widget-text-editor\" data-id=\"056e9e7\" data-element_type=\"widget\" data-e-type=\"widget\" data-widget_type=\"text-editor.default\">\n\t\t\t\t<div class=\"elementor-widget-container\">\n\t\t\t\t\t\t\t\t\t<p><span class=\"tlid-translation translation\" lang=\"de\"><span title=\"\">F\u00fcr eine erweiterte Bildverarbeitung, Filterung, Segmentierung und Erkennung von Formen k\u00f6nnen Sie die automatische optische Inspektion (AOI) verwenden.<\/span> <span class=\"\" title=\"\">Mit AOI k\u00f6nnen Sie die Testergebnisse untersuchen und Merkmale zwischen Objekten und Winkeln messen.<\/span><\/span><\/p>\n\t\t\t\t\t\t\t\t<\/div>\n\t\t\t\t<\/div>\n\t\t\t\t<section class=\"elementor-section elementor-inner-section elementor-element elementor-element-3f1dd31 elementor-section-boxed elementor-section-height-default elementor-section-height-default\" data-id=\"3f1dd31\" data-element_type=\"section\" data-e-type=\"section\">\n\t\t\t\t\t\t<div class=\"elementor-container elementor-column-gap-default\">\n\t\t\t\t\t<div class=\"elementor-column elementor-col-50 elementor-inner-column elementor-element elementor-element-fa80e18\" data-id=\"fa80e18\" data-element_type=\"column\" data-e-type=\"column\">\n\t\t\t<div class=\"elementor-widget-wrap elementor-element-populated\">\n\t\t\t\t\t\t<div class=\"elementor-element elementor-element-233d6fc elementor-widget elementor-widget-image\" data-id=\"233d6fc\" data-element_type=\"widget\" data-e-type=\"widget\" data-widget_type=\"image.default\">\n\t\t\t\t<div class=\"elementor-widget-container\">\n\t\t\t\t\t\t\t\t\t\t\t\t\t\t\t<img decoding=\"async\" width=\"600\" height=\"400\" src=\"https:\/\/www.xyztec.com\/wp-content\/uploads\/2023\/05\/Automated-Optical-Inspection-.jpg\" class=\"attachment-full size-full wp-image-43557\" alt=\"Automated Optical Inspection\" srcset=\"https:\/\/www.xyztec.com\/wp-content\/uploads\/2023\/05\/Automated-Optical-Inspection-.jpg 600w, https:\/\/www.xyztec.com\/wp-content\/uploads\/2023\/05\/Automated-Optical-Inspection--300x200.jpg 300w\" sizes=\"(max-width: 600px) 100vw, 600px\" \/>\t\t\t\t\t\t\t\t\t\t\t\t\t\t\t<\/div>\n\t\t\t\t<\/div>\n\t\t\t\t\t<\/div>\n\t\t<\/div>\n\t\t\t\t<div class=\"elementor-column elementor-col-50 elementor-inner-column elementor-element elementor-element-063d67b\" data-id=\"063d67b\" data-element_type=\"column\" data-e-type=\"column\">\n\t\t\t<div class=\"elementor-widget-wrap elementor-element-populated\">\n\t\t\t\t\t\t<div class=\"elementor-element elementor-element-1c66707 elementor-widget elementor-widget-image\" data-id=\"1c66707\" data-element_type=\"widget\" data-e-type=\"widget\" data-widget_type=\"image.default\">\n\t\t\t\t<div class=\"elementor-widget-container\">\n\t\t\t\t\t\t\t\t\t\t\t\t\t\t\t<img loading=\"lazy\" decoding=\"async\" width=\"600\" height=\"400\" src=\"https:\/\/www.xyztec.com\/wp-content\/uploads\/2023\/05\/Automated-Optical-Inspection.jpg\" class=\"attachment-full size-full wp-image-43562\" alt=\"Automated Optical Inspection\" srcset=\"https:\/\/www.xyztec.com\/wp-content\/uploads\/2023\/05\/Automated-Optical-Inspection.jpg 600w, https:\/\/www.xyztec.com\/wp-content\/uploads\/2023\/05\/Automated-Optical-Inspection-300x200.jpg 300w\" sizes=\"(max-width: 600px) 100vw, 600px\" \/>\t\t\t\t\t\t\t\t\t\t\t\t\t\t\t<\/div>\n\t\t\t\t<\/div>\n\t\t\t\t\t<\/div>\n\t\t<\/div>\n\t\t\t\t\t<\/div>\n\t\t<\/section>\n\t\t\t\t\t<\/div>\n\t\t<\/div>\n\t\t\t\t\t<\/div>\n\t\t<\/section>\n\t\t\t\t<\/div>\n\t\t","protected":false},"excerpt":{"rendered":"<p>Bildvermessung Automatische Analyse Bildvermessung Eine detaillierte optische Inspektion hilft Ihnen, Bildvermessungen durchzuf\u00fchren oder die Fehlermodi der erfassten Testergebnisse zu identifizieren. Messen Sie schnell manuell in aufgenommenen Bildern, indem Sie Linien [&hellip;]<\/p>\n","protected":false},"author":29,"featured_media":50561,"parent":56705,"menu_order":0,"comment_status":"closed","ping_status":"closed","template":"elementor_header_footer","meta":{"_acf_changed":false,"footnotes":""},"class_list":["post-61168","page","type-page","status-publish","has-post-thumbnail","hentry"],"acf":[],"yoast_head":"<!-- This site is optimized with the Yoast SEO plugin v27.4 - https:\/\/yoast.com\/product\/yoast-seo-wordpress\/ -->\n<title>Fehlermodi erkennen: Bildvermessung oder AOI nutzen.<\/title>\n<meta name=\"description\" content=\"Vermessung eines Abstands, L\u00e4nge, Breite, H\u00f6he oder Fl\u00e4che in einem aufgenommenen Bild. Optional mit AOI zum Filtern, Segmentieren und Formerkennung.\" \/>\n<meta name=\"robots\" content=\"index, follow, max-snippet:-1, max-image-preview:large, max-video-preview:-1\" \/>\n<link rel=\"canonical\" href=\"https:\/\/www.xyztec.com\/de\/funktionen\/automatisierung\/bildmessung-aoi\/\" \/>\n<meta property=\"og:locale\" content=\"de_DE\" \/>\n<meta property=\"og:type\" content=\"article\" \/>\n<meta property=\"og:title\" content=\"Fehlermodi erkennen: Bildvermessung oder AOI nutzen.\" \/>\n<meta property=\"og:description\" content=\"Vermessung eines Abstands, L\u00e4nge, Breite, H\u00f6he oder Fl\u00e4che in einem aufgenommenen Bild. Optional mit AOI zum Filtern, Segmentieren und Formerkennung.\" \/>\n<meta property=\"og:url\" content=\"https:\/\/www.xyztec.com\/de\/funktionen\/automatisierung\/bildmessung-aoi\/\" \/>\n<meta property=\"og:site_name\" content=\"Xyztec\" \/>\n<meta property=\"article:modified_time\" content=\"2023-10-12T12:03:14+00:00\" \/>\n<meta property=\"og:image\" content=\"https:\/\/www.xyztec.com\/wp-content\/uploads\/2023\/05\/image-measurement.jpeg\" \/>\n\t<meta property=\"og:image:width\" content=\"600\" \/>\n\t<meta property=\"og:image:height\" content=\"400\" \/>\n\t<meta property=\"og:image:type\" content=\"image\/jpeg\" \/>\n<meta name=\"twitter:card\" content=\"summary_large_image\" \/>\n<script type=\"application\/ld+json\" class=\"yoast-schema-graph\">{\"@context\":\"https:\\\/\\\/schema.org\",\"@graph\":[{\"@type\":\"WebPage\",\"@id\":\"https:\\\/\\\/www.xyztec.com\\\/de\\\/funktionen\\\/automatisierung\\\/bildmessung-aoi\\\/\",\"url\":\"https:\\\/\\\/www.xyztec.com\\\/de\\\/funktionen\\\/automatisierung\\\/bildmessung-aoi\\\/\",\"name\":\"Fehlermodi erkennen: Bildvermessung oder AOI nutzen.\",\"isPartOf\":{\"@id\":\"https:\\\/\\\/www.xyztec.com\\\/de\\\/#website\"},\"primaryImageOfPage\":{\"@id\":\"https:\\\/\\\/www.xyztec.com\\\/de\\\/funktionen\\\/automatisierung\\\/bildmessung-aoi\\\/#primaryimage\"},\"image\":{\"@id\":\"https:\\\/\\\/www.xyztec.com\\\/de\\\/funktionen\\\/automatisierung\\\/bildmessung-aoi\\\/#primaryimage\"},\"thumbnailUrl\":\"https:\\\/\\\/www.xyztec.com\\\/wp-content\\\/uploads\\\/2023\\\/05\\\/image-measurement.jpeg\",\"datePublished\":\"2023-06-08T11:30:58+00:00\",\"dateModified\":\"2023-10-12T12:03:14+00:00\",\"description\":\"Vermessung eines Abstands, L\u00e4nge, Breite, H\u00f6he oder Fl\u00e4che in einem aufgenommenen Bild. Optional mit AOI zum Filtern, Segmentieren und Formerkennung.\",\"breadcrumb\":{\"@id\":\"https:\\\/\\\/www.xyztec.com\\\/de\\\/funktionen\\\/automatisierung\\\/bildmessung-aoi\\\/#breadcrumb\"},\"inLanguage\":\"de\",\"potentialAction\":[{\"@type\":\"ReadAction\",\"target\":[\"https:\\\/\\\/www.xyztec.com\\\/de\\\/funktionen\\\/automatisierung\\\/bildmessung-aoi\\\/\"]}]},{\"@type\":\"ImageObject\",\"inLanguage\":\"de\",\"@id\":\"https:\\\/\\\/www.xyztec.com\\\/de\\\/funktionen\\\/automatisierung\\\/bildmessung-aoi\\\/#primaryimage\",\"url\":\"https:\\\/\\\/www.xyztec.com\\\/wp-content\\\/uploads\\\/2023\\\/05\\\/image-measurement.jpeg\",\"contentUrl\":\"https:\\\/\\\/www.xyztec.com\\\/wp-content\\\/uploads\\\/2023\\\/05\\\/image-measurement.jpeg\",\"width\":600,\"height\":400,\"caption\":\"image measurement\"},{\"@type\":\"BreadcrumbList\",\"@id\":\"https:\\\/\\\/www.xyztec.com\\\/de\\\/funktionen\\\/automatisierung\\\/bildmessung-aoi\\\/#breadcrumb\",\"itemListElement\":[{\"@type\":\"ListItem\",\"position\":1,\"name\":\"Home\",\"item\":\"https:\\\/\\\/www.xyztec.com\\\/de\\\/\"},{\"@type\":\"ListItem\",\"position\":2,\"name\":\"Funktionen\",\"item\":\"https:\\\/\\\/www.xyztec.com\\\/de\\\/features\\\/\"},{\"@type\":\"ListItem\",\"position\":3,\"name\":\"Automatisierung\",\"item\":\"https:\\\/\\\/www.xyztec.com\\\/de\\\/features\\\/automation\\\/\"},{\"@type\":\"ListItem\",\"position\":4,\"name\":\"Bildmessung (AOI)\"}]},{\"@type\":\"WebSite\",\"@id\":\"https:\\\/\\\/www.xyztec.com\\\/de\\\/#website\",\"url\":\"https:\\\/\\\/www.xyztec.com\\\/de\\\/\",\"name\":\"Xyztec\",\"description\":\"\",\"potentialAction\":[{\"@type\":\"SearchAction\",\"target\":{\"@type\":\"EntryPoint\",\"urlTemplate\":\"https:\\\/\\\/www.xyztec.com\\\/de\\\/?s={search_term_string}\"},\"query-input\":{\"@type\":\"PropertyValueSpecification\",\"valueRequired\":true,\"valueName\":\"search_term_string\"}}],\"inLanguage\":\"de\"}]}<\/script>\n<!-- \/ Yoast SEO plugin. -->","yoast_head_json":{"title":"Fehlermodi erkennen: Bildvermessung oder AOI nutzen.","description":"Vermessung eines Abstands, L\u00e4nge, Breite, H\u00f6he oder Fl\u00e4che in einem aufgenommenen Bild. Optional mit AOI zum Filtern, Segmentieren und Formerkennung.","robots":{"index":"index","follow":"follow","max-snippet":"max-snippet:-1","max-image-preview":"max-image-preview:large","max-video-preview":"max-video-preview:-1"},"canonical":"https:\/\/www.xyztec.com\/de\/funktionen\/automatisierung\/bildmessung-aoi\/","og_locale":"de_DE","og_type":"article","og_title":"Fehlermodi erkennen: Bildvermessung oder AOI nutzen.","og_description":"Vermessung eines Abstands, L\u00e4nge, Breite, H\u00f6he oder Fl\u00e4che in einem aufgenommenen Bild. Optional mit AOI zum Filtern, Segmentieren und Formerkennung.","og_url":"https:\/\/www.xyztec.com\/de\/funktionen\/automatisierung\/bildmessung-aoi\/","og_site_name":"Xyztec","article_modified_time":"2023-10-12T12:03:14+00:00","og_image":[{"width":600,"height":400,"url":"https:\/\/www.xyztec.com\/wp-content\/uploads\/2023\/05\/image-measurement.jpeg","type":"image\/jpeg"}],"twitter_card":"summary_large_image","schema":{"@context":"https:\/\/schema.org","@graph":[{"@type":"WebPage","@id":"https:\/\/www.xyztec.com\/de\/funktionen\/automatisierung\/bildmessung-aoi\/","url":"https:\/\/www.xyztec.com\/de\/funktionen\/automatisierung\/bildmessung-aoi\/","name":"Fehlermodi erkennen: Bildvermessung oder AOI nutzen.","isPartOf":{"@id":"https:\/\/www.xyztec.com\/de\/#website"},"primaryImageOfPage":{"@id":"https:\/\/www.xyztec.com\/de\/funktionen\/automatisierung\/bildmessung-aoi\/#primaryimage"},"image":{"@id":"https:\/\/www.xyztec.com\/de\/funktionen\/automatisierung\/bildmessung-aoi\/#primaryimage"},"thumbnailUrl":"https:\/\/www.xyztec.com\/wp-content\/uploads\/2023\/05\/image-measurement.jpeg","datePublished":"2023-06-08T11:30:58+00:00","dateModified":"2023-10-12T12:03:14+00:00","description":"Vermessung eines Abstands, L\u00e4nge, Breite, H\u00f6he oder Fl\u00e4che in einem aufgenommenen Bild. Optional mit AOI zum Filtern, Segmentieren und Formerkennung.","breadcrumb":{"@id":"https:\/\/www.xyztec.com\/de\/funktionen\/automatisierung\/bildmessung-aoi\/#breadcrumb"},"inLanguage":"de","potentialAction":[{"@type":"ReadAction","target":["https:\/\/www.xyztec.com\/de\/funktionen\/automatisierung\/bildmessung-aoi\/"]}]},{"@type":"ImageObject","inLanguage":"de","@id":"https:\/\/www.xyztec.com\/de\/funktionen\/automatisierung\/bildmessung-aoi\/#primaryimage","url":"https:\/\/www.xyztec.com\/wp-content\/uploads\/2023\/05\/image-measurement.jpeg","contentUrl":"https:\/\/www.xyztec.com\/wp-content\/uploads\/2023\/05\/image-measurement.jpeg","width":600,"height":400,"caption":"image measurement"},{"@type":"BreadcrumbList","@id":"https:\/\/www.xyztec.com\/de\/funktionen\/automatisierung\/bildmessung-aoi\/#breadcrumb","itemListElement":[{"@type":"ListItem","position":1,"name":"Home","item":"https:\/\/www.xyztec.com\/de\/"},{"@type":"ListItem","position":2,"name":"Funktionen","item":"https:\/\/www.xyztec.com\/de\/features\/"},{"@type":"ListItem","position":3,"name":"Automatisierung","item":"https:\/\/www.xyztec.com\/de\/features\/automation\/"},{"@type":"ListItem","position":4,"name":"Bildmessung (AOI)"}]},{"@type":"WebSite","@id":"https:\/\/www.xyztec.com\/de\/#website","url":"https:\/\/www.xyztec.com\/de\/","name":"Xyztec","description":"","potentialAction":[{"@type":"SearchAction","target":{"@type":"EntryPoint","urlTemplate":"https:\/\/www.xyztec.com\/de\/?s={search_term_string}"},"query-input":{"@type":"PropertyValueSpecification","valueRequired":true,"valueName":"search_term_string"}}],"inLanguage":"de"}]}},"_links":{"self":[{"href":"https:\/\/www.xyztec.com\/de\/wp-json\/wp\/v2\/pages\/61168","targetHints":{"allow":["GET"]}}],"collection":[{"href":"https:\/\/www.xyztec.com\/de\/wp-json\/wp\/v2\/pages"}],"about":[{"href":"https:\/\/www.xyztec.com\/de\/wp-json\/wp\/v2\/types\/page"}],"author":[{"embeddable":true,"href":"https:\/\/www.xyztec.com\/de\/wp-json\/wp\/v2\/users\/29"}],"replies":[{"embeddable":true,"href":"https:\/\/www.xyztec.com\/de\/wp-json\/wp\/v2\/comments?post=61168"}],"version-history":[{"count":2,"href":"https:\/\/www.xyztec.com\/de\/wp-json\/wp\/v2\/pages\/61168\/revisions"}],"predecessor-version":[{"id":70204,"href":"https:\/\/www.xyztec.com\/de\/wp-json\/wp\/v2\/pages\/61168\/revisions\/70204"}],"up":[{"embeddable":true,"href":"https:\/\/www.xyztec.com\/de\/wp-json\/wp\/v2\/pages\/56705"}],"wp:featuredmedia":[{"embeddable":true,"href":"https:\/\/www.xyztec.com\/de\/wp-json\/wp\/v2\/media\/50561"}],"wp:attachment":[{"href":"https:\/\/www.xyztec.com\/de\/wp-json\/wp\/v2\/media?parent=61168"}],"curies":[{"name":"wp","href":"https:\/\/api.w.org\/{rel}","templated":true}]}}