{"id":61186,"date":"2023-06-08T11:59:08","date_gmt":"2023-06-08T11:59:08","guid":{"rendered":"https:\/\/www.xyztec.com\/funktionen\/automatisierung\/drahterkennung\/"},"modified":"2023-10-12T12:07:24","modified_gmt":"2023-10-12T12:07:24","slug":"drahterkennung","status":"publish","type":"page","link":"https:\/\/www.xyztec.com\/de\/funktionen\/automatisierung\/drahterkennung\/","title":{"rendered":"Drahterkennung"},"content":{"rendered":"\t\t<div data-elementor-type=\"wp-page\" data-elementor-id=\"61186\" class=\"elementor elementor-61186 elementor-85\" data-elementor-post-type=\"page\">\n\t\t\t\t\t\t<section class=\"elementor-section elementor-top-section elementor-element elementor-element-e86b007 elementor-section-height-min-height elementor-section-items-top elementor-section-content-middle elementor-section-full_width elementor-section-height-default\" data-id=\"e86b007\" data-element_type=\"section\" data-e-type=\"section\" data-settings=\"{&quot;background_background&quot;:&quot;classic&quot;}\">\n\t\t\t\t\t\t<div class=\"elementor-container elementor-column-gap-default\">\n\t\t\t\t\t<div class=\"elementor-column elementor-col-100 elementor-top-column elementor-element elementor-element-a786b23\" data-id=\"a786b23\" data-element_type=\"column\" data-e-type=\"column\">\n\t\t\t<div class=\"elementor-widget-wrap elementor-element-populated\">\n\t\t\t\t\t\t<section class=\"elementor-section elementor-inner-section elementor-element elementor-element-d9eb5d2 elementor-section-boxed elementor-section-height-default elementor-section-height-default\" data-id=\"d9eb5d2\" data-element_type=\"section\" data-e-type=\"section\">\n\t\t\t\t\t\t<div class=\"elementor-container elementor-column-gap-default\">\n\t\t\t\t\t<div class=\"elementor-column elementor-col-100 elementor-inner-column elementor-element elementor-element-f04beb1\" data-id=\"f04beb1\" data-element_type=\"column\" data-e-type=\"column\" data-settings=\"{&quot;background_background&quot;:&quot;classic&quot;}\">\n\t\t\t<div class=\"elementor-widget-wrap elementor-element-populated\">\n\t\t\t\t\t\t<div class=\"elementor-element elementor-element-ac029b0 elementor-absolute elementor-widget__width-initial elementor-widget elementor-widget-heading\" data-id=\"ac029b0\" data-element_type=\"widget\" data-e-type=\"widget\" data-settings=\"{&quot;_position&quot;:&quot;absolute&quot;}\" data-widget_type=\"heading.default\">\n\t\t\t\t<div class=\"elementor-widget-container\">\n\t\t\t\t\t<h1 class=\"elementor-heading-title elementor-size-default\">Drahterkennung<\/h1>\t\t\t\t<\/div>\n\t\t\t\t<\/div>\n\t\t\t\t<div class=\"elementor-element elementor-element-9e19498 elementor-hidden-mobile elementor-widget elementor-widget-heading\" data-id=\"9e19498\" data-element_type=\"widget\" data-e-type=\"widget\" data-widget_type=\"heading.default\">\n\t\t\t\t<div class=\"elementor-widget-container\">\n\t\t\t\t\t<h2 class=\"elementor-heading-title elementor-size-default\">Automatisches Testen<\/h2>\t\t\t\t<\/div>\n\t\t\t\t<\/div>\n\t\t\t\t\t<\/div>\n\t\t<\/div>\n\t\t\t\t\t<\/div>\n\t\t<\/section>\n\t\t\t\t\t<\/div>\n\t\t<\/div>\n\t\t\t\t\t<\/div>\n\t\t<\/section>\n\t\t\t\t<section class=\"elementor-section elementor-top-section elementor-element elementor-element-10bdfac elementor-section-boxed elementor-section-height-default elementor-section-height-default\" data-id=\"10bdfac\" data-element_type=\"section\" data-e-type=\"section\">\n\t\t\t\t\t\t<div class=\"elementor-container elementor-column-gap-default\">\n\t\t\t\t\t<div class=\"elementor-column elementor-col-100 elementor-top-column elementor-element elementor-element-cce86e6\" data-id=\"cce86e6\" data-element_type=\"column\" data-e-type=\"column\">\n\t\t\t<div class=\"elementor-widget-wrap elementor-element-populated\">\n\t\t\t\t\t\t<section class=\"elementor-section elementor-inner-section elementor-element elementor-element-a59b38f elementor-section-boxed elementor-section-height-default elementor-section-height-default\" data-id=\"a59b38f\" data-element_type=\"section\" data-e-type=\"section\">\n\t\t\t\t\t\t<div class=\"elementor-container elementor-column-gap-default\">\n\t\t\t\t\t<div class=\"elementor-column elementor-col-100 elementor-inner-column elementor-element elementor-element-1dc988e\" data-id=\"1dc988e\" data-element_type=\"column\" data-e-type=\"column\">\n\t\t\t<div class=\"elementor-widget-wrap elementor-element-populated\">\n\t\t\t\t\t\t<div class=\"elementor-element elementor-element-e269f8b elementor-widget elementor-widget-image\" data-id=\"e269f8b\" data-element_type=\"widget\" data-e-type=\"widget\" data-widget_type=\"image.default\">\n\t\t\t\t<div class=\"elementor-widget-container\">\n\t\t\t\t\t\t\t\t\t\t\t\t\t\t\t<img fetchpriority=\"high\" decoding=\"async\" width=\"1597\" height=\"388\" src=\"https:\/\/www.xyztec.com\/wp-content\/uploads\/2023\/05\/Automation-wiredetection.png\" class=\"attachment-full size-full wp-image-43627\" alt=\"Automation wiredetection\" srcset=\"https:\/\/www.xyztec.com\/wp-content\/uploads\/2023\/05\/Automation-wiredetection.png 1597w, https:\/\/www.xyztec.com\/wp-content\/uploads\/2023\/05\/Automation-wiredetection-300x73.png 300w, https:\/\/www.xyztec.com\/wp-content\/uploads\/2023\/05\/Automation-wiredetection-1024x249.png 1024w, https:\/\/www.xyztec.com\/wp-content\/uploads\/2023\/05\/Automation-wiredetection-768x187.png 768w, https:\/\/www.xyztec.com\/wp-content\/uploads\/2023\/05\/Automation-wiredetection-1536x373.png 1536w\" sizes=\"(max-width: 1597px) 100vw, 1597px\" \/>\t\t\t\t\t\t\t\t\t\t\t\t\t\t\t<\/div>\n\t\t\t\t<\/div>\n\t\t\t\t\t<\/div>\n\t\t<\/div>\n\t\t\t\t\t<\/div>\n\t\t<\/section>\n\t\t\t\t\t<\/div>\n\t\t<\/div>\n\t\t\t\t\t<\/div>\n\t\t<\/section>\n\t\t\t\t<section class=\"elementor-section elementor-top-section elementor-element elementor-element-ca2a0e0 elementor-section-boxed elementor-section-height-default elementor-section-height-default\" data-id=\"ca2a0e0\" data-element_type=\"section\" data-e-type=\"section\">\n\t\t\t\t\t\t<div class=\"elementor-container elementor-column-gap-default\">\n\t\t\t\t\t<div class=\"elementor-column elementor-col-100 elementor-top-column elementor-element elementor-element-85bd46c\" data-id=\"85bd46c\" data-element_type=\"column\" data-e-type=\"column\">\n\t\t\t<div class=\"elementor-widget-wrap elementor-element-populated\">\n\t\t\t\t\t\t<section class=\"elementor-section elementor-inner-section elementor-element elementor-element-2fd364c elementor-section-boxed elementor-section-height-default elementor-section-height-default\" data-id=\"2fd364c\" data-element_type=\"section\" data-e-type=\"section\">\n\t\t\t\t\t\t<div class=\"elementor-container elementor-column-gap-default\">\n\t\t\t\t\t<div class=\"elementor-column elementor-col-50 elementor-inner-column elementor-element elementor-element-c3a406d\" data-id=\"c3a406d\" data-element_type=\"column\" data-e-type=\"column\">\n\t\t\t<div class=\"elementor-widget-wrap elementor-element-populated\">\n\t\t\t\t\t\t<div class=\"elementor-element elementor-element-8121a8d elementor-widget elementor-widget-menu-anchor\" data-id=\"8121a8d\" data-element_type=\"widget\" data-e-type=\"widget\" data-widget_type=\"menu-anchor.default\">\n\t\t\t\t<div class=\"elementor-widget-container\">\n\t\t\t\t\t\t\t<div class=\"elementor-menu-anchor\" id=\"Toleranz-Kontrolle\"><\/div>\n\t\t\t\t\t\t<\/div>\n\t\t\t\t<\/div>\n\t\t\t\t<div class=\"elementor-element elementor-element-9c066db elementor-widget elementor-widget-heading\" data-id=\"9c066db\" data-element_type=\"widget\" data-e-type=\"widget\" data-widget_type=\"heading.default\">\n\t\t\t\t<div class=\"elementor-widget-container\">\n\t\t\t\t\t<h2 class=\"elementor-heading-title elementor-size-default\">Kontrolle auf Produktionstoleranzen<\/h2>\t\t\t\t<\/div>\n\t\t\t\t<\/div>\n\t\t\t\t<div class=\"elementor-element elementor-element-4cb8aca elementor-widget elementor-widget-text-editor\" data-id=\"4cb8aca\" data-element_type=\"widget\" data-e-type=\"widget\" data-widget_type=\"text-editor.default\">\n\t\t\t\t<div class=\"elementor-widget-container\">\n\t\t\t\t\t\t\t\t\t<p><span class=\"tlid-translation translation\" lang=\"de\"><span class=\"\" title=\"\">Bei vielen Anwendungen ist die Platzierung der Dr\u00e4hte inkonsistent.<\/span> <span class=\"\" title=\"\">Einfache Automatisierungsprogramme verfehlen den Draht oder ziehen zwei Dr\u00e4hte gleichzeitig.<\/span> <span class=\"\" title=\"\">Die hochaufl\u00f6senden Kameras eines Sigma Bond Testers erm\u00f6glichen in Kombination mit fortschrittlichen Drahterkennungsalgorithmen die Korrektur von Produktionstoleranzen f\u00fcr jeden einzelnen Draht.<\/span> <span class=\"\" title=\"\">Auch in Fine Pitch Bonding Szenarien!<\/span><\/span><\/p>\n\t\t\t\t\t\t\t\t<\/div>\n\t\t\t\t<\/div>\n\t\t\t\t\t<\/div>\n\t\t<\/div>\n\t\t\t\t<div class=\"elementor-column elementor-col-50 elementor-inner-column elementor-element elementor-element-28bd6df\" data-id=\"28bd6df\" data-element_type=\"column\" data-e-type=\"column\">\n\t\t\t<div class=\"elementor-widget-wrap elementor-element-populated\">\n\t\t\t\t\t\t<div class=\"elementor-element elementor-element-821e6bc elementor-widget elementor-widget-image\" data-id=\"821e6bc\" data-element_type=\"widget\" data-e-type=\"widget\" data-widget_type=\"image.default\">\n\t\t\t\t<div class=\"elementor-widget-container\">\n\t\t\t\t\t\t\t\t\t\t\t\t\t\t\t<img decoding=\"async\" src=\"https:\/\/www.xyztec.com\/wp-content\/uploads\/elementor\/thumbs\/Wire-detection-1-r562o0llgp1cx1b9m4bwr4epxoqk3yzhtnkmerwbkw.jpg\" title=\"Wire detection 1\" alt=\"Wire detection 1\" loading=\"lazy\" \/>\t\t\t\t\t\t\t\t\t\t\t\t\t\t\t<\/div>\n\t\t\t\t<\/div>\n\t\t\t\t\t<\/div>\n\t\t<\/div>\n\t\t\t\t\t<\/div>\n\t\t<\/section>\n\t\t\t\t\t<\/div>\n\t\t<\/div>\n\t\t\t\t\t<\/div>\n\t\t<\/section>\n\t\t\t\t<section class=\"elementor-section elementor-top-section elementor-element elementor-element-8801480 elementor-section-boxed elementor-section-height-default elementor-section-height-default\" data-id=\"8801480\" data-element_type=\"section\" data-e-type=\"section\">\n\t\t\t\t\t\t<div class=\"elementor-container elementor-column-gap-default\">\n\t\t\t\t\t<div class=\"elementor-column elementor-col-100 elementor-top-column elementor-element elementor-element-1322632\" data-id=\"1322632\" data-element_type=\"column\" data-e-type=\"column\">\n\t\t\t<div class=\"elementor-widget-wrap elementor-element-populated\">\n\t\t\t\t\t\t<section class=\"elementor-section elementor-inner-section elementor-element elementor-element-f1bd0ad elementor-section-boxed elementor-section-height-default elementor-section-height-default\" data-id=\"f1bd0ad\" data-element_type=\"section\" data-e-type=\"section\">\n\t\t\t\t\t\t<div class=\"elementor-container elementor-column-gap-default\">\n\t\t\t\t\t<div class=\"elementor-column elementor-col-50 elementor-inner-column elementor-element elementor-element-0f630fd\" data-id=\"0f630fd\" data-element_type=\"column\" data-e-type=\"column\">\n\t\t\t<div class=\"elementor-widget-wrap elementor-element-populated\">\n\t\t\t\t\t\t<div class=\"elementor-element elementor-element-eb0f782 elementor-widget elementor-widget-image\" data-id=\"eb0f782\" data-element_type=\"widget\" data-e-type=\"widget\" data-widget_type=\"image.default\">\n\t\t\t\t<div class=\"elementor-widget-container\">\n\t\t\t\t\t\t\t\t\t\t\t\t\t\t\t<img decoding=\"async\" src=\"https:\/\/www.xyztec.com\/wp-content\/uploads\/elementor\/thumbs\/Hook-driven-to-corrected-position-r562g7jup8cmhmni78ugjlbwbh7t6gzr30ifx1h19c.jpg\" title=\"Hook driven to corrected position\" alt=\"Hook driven to corrected position\" loading=\"lazy\" \/>\t\t\t\t\t\t\t\t\t\t\t\t\t\t\t<\/div>\n\t\t\t\t<\/div>\n\t\t\t\t\t<\/div>\n\t\t<\/div>\n\t\t\t\t<div class=\"elementor-column elementor-col-50 elementor-inner-column elementor-element elementor-element-837a40c\" data-id=\"837a40c\" data-element_type=\"column\" data-e-type=\"column\">\n\t\t\t<div class=\"elementor-widget-wrap elementor-element-populated\">\n\t\t\t\t\t\t<div class=\"elementor-element elementor-element-5f5a0ee elementor-widget elementor-widget-menu-anchor\" data-id=\"5f5a0ee\" data-element_type=\"widget\" data-e-type=\"widget\" data-widget_type=\"menu-anchor.default\">\n\t\t\t\t<div class=\"elementor-widget-container\">\n\t\t\t\t\t\t\t<div class=\"elementor-menu-anchor\" id=\"GleichmigerDrahtzug\"><\/div>\n\t\t\t\t\t\t<\/div>\n\t\t\t\t<\/div>\n\t\t\t\t<div class=\"elementor-element elementor-element-f1dd759 elementor-widget elementor-widget-heading\" data-id=\"f1dd759\" data-element_type=\"widget\" data-e-type=\"widget\" data-widget_type=\"heading.default\">\n\t\t\t\t<div class=\"elementor-widget-container\">\n\t\t\t\t\t<h2 class=\"elementor-heading-title elementor-size-default\">Gleichm\u00e4\u00dfiger Drahtzug<\/h2>\t\t\t\t<\/div>\n\t\t\t\t<\/div>\n\t\t\t\t<div class=\"elementor-element elementor-element-f33a88b elementor-widget elementor-widget-text-editor\" data-id=\"f33a88b\" data-element_type=\"widget\" data-e-type=\"widget\" data-widget_type=\"text-editor.default\">\n\t\t\t\t<div class=\"elementor-widget-container\">\n\t\t\t\t\t\t\t\t\t<p><span class=\"tlid-translation translation\" lang=\"de\"><span class=\"\" title=\"\">An der Stelle des gr\u00fcnen Fadenkreuzes zeigt die Abbildung, wie der Haken in eine korrigierte Position bewegt wird, nachdem der Bond Tester den Draht erkannt hat.<\/span> <span title=\"\">Wenn der Bond Tester den Zugt<\/span><\/span><span class=\"tlid-translation translation\" lang=\"de\"><span title=\"\">est durchf\u00fchrt, verfehlt er den Draht nicht, sondern zieht ihn an derselben Position wie jeden anderen Draht.<\/span><\/span><\/p>\n<p><span title=\"\">Die automatische Drahterkennung erm\u00f6glicht ein h\u00f6heres Ma\u00df an Konsistenz gegen\u00fcber dem, was beim manuellen Testen m\u00f6glich ist.<\/span><\/p>\n\t\t\t\t\t\t\t\t<\/div>\n\t\t\t\t<\/div>\n\t\t\t\t\t<\/div>\n\t\t<\/div>\n\t\t\t\t\t<\/div>\n\t\t<\/section>\n\t\t\t\t\t<\/div>\n\t\t<\/div>\n\t\t\t\t\t<\/div>\n\t\t<\/section>\n\t\t\t\t<\/div>\n\t\t","protected":false},"excerpt":{"rendered":"<p>Drahterkennung Automatisches Testen Kontrolle auf Produktionstoleranzen Bei vielen Anwendungen ist die Platzierung der Dr\u00e4hte inkonsistent. Einfache Automatisierungsprogramme verfehlen den Draht oder ziehen zwei Dr\u00e4hte gleichzeitig. Die hochaufl\u00f6senden Kameras eines Sigma [&hellip;]<\/p>\n","protected":false},"author":29,"featured_media":50592,"parent":56705,"menu_order":0,"comment_status":"closed","ping_status":"closed","template":"elementor_header_footer","meta":{"_acf_changed":false,"footnotes":""},"class_list":["post-61186","page","type-page","status-publish","has-post-thumbnail","hentry"],"acf":[],"yoast_head":"<!-- This site is optimized with the Yoast SEO plugin v27.4 - https:\/\/yoast.com\/product\/yoast-seo-wordpress\/ -->\n<title>Drahterkennung lernt Verbindungspositionen.<\/title>\n<meta name=\"description\" content=\"Die Drahterkennung erkennt Komponenten und Dr\u00e4hte mit kleinen Abst\u00e4nden, die Aufgrund von Prozesstoleranzen oder der Handhabung von Teilen aus der Position geraten.\" \/>\n<meta name=\"robots\" content=\"index, follow, max-snippet:-1, max-image-preview:large, max-video-preview:-1\" \/>\n<link rel=\"canonical\" href=\"https:\/\/www.xyztec.com\/de\/funktionen\/automatisierung\/drahterkennung\/\" \/>\n<meta property=\"og:locale\" content=\"de_DE\" \/>\n<meta property=\"og:type\" content=\"article\" \/>\n<meta property=\"og:title\" content=\"Drahterkennung lernt Verbindungspositionen.\" \/>\n<meta property=\"og:description\" content=\"Die Drahterkennung erkennt Komponenten und Dr\u00e4hte mit kleinen Abst\u00e4nden, die Aufgrund von Prozesstoleranzen oder der Handhabung von Teilen aus der Position geraten.\" \/>\n<meta property=\"og:url\" content=\"https:\/\/www.xyztec.com\/de\/funktionen\/automatisierung\/drahterkennung\/\" \/>\n<meta property=\"og:site_name\" content=\"Xyztec\" \/>\n<meta property=\"article:modified_time\" content=\"2023-10-12T12:07:24+00:00\" \/>\n<meta property=\"og:image\" content=\"https:\/\/www.xyztec.com\/wp-content\/uploads\/2023\/05\/Wire-detection.jpeg\" \/>\n\t<meta property=\"og:image:width\" content=\"600\" \/>\n\t<meta property=\"og:image:height\" content=\"400\" \/>\n\t<meta property=\"og:image:type\" content=\"image\/jpeg\" \/>\n<meta name=\"twitter:card\" content=\"summary_large_image\" \/>\n<meta name=\"twitter:label1\" content=\"Gesch\u00e4tzte Lesezeit\" \/>\n\t<meta name=\"twitter:data1\" content=\"1\u00a0Minute\" \/>\n<script type=\"application\/ld+json\" class=\"yoast-schema-graph\">{\"@context\":\"https:\\\/\\\/schema.org\",\"@graph\":[{\"@type\":\"WebPage\",\"@id\":\"https:\\\/\\\/www.xyztec.com\\\/de\\\/funktionen\\\/automatisierung\\\/drahterkennung\\\/\",\"url\":\"https:\\\/\\\/www.xyztec.com\\\/de\\\/funktionen\\\/automatisierung\\\/drahterkennung\\\/\",\"name\":\"Drahterkennung lernt Verbindungspositionen.\",\"isPartOf\":{\"@id\":\"https:\\\/\\\/www.xyztec.com\\\/de\\\/#website\"},\"primaryImageOfPage\":{\"@id\":\"https:\\\/\\\/www.xyztec.com\\\/de\\\/funktionen\\\/automatisierung\\\/drahterkennung\\\/#primaryimage\"},\"image\":{\"@id\":\"https:\\\/\\\/www.xyztec.com\\\/de\\\/funktionen\\\/automatisierung\\\/drahterkennung\\\/#primaryimage\"},\"thumbnailUrl\":\"https:\\\/\\\/www.xyztec.com\\\/wp-content\\\/uploads\\\/2023\\\/05\\\/Wire-detection.jpeg\",\"datePublished\":\"2023-06-08T11:59:08+00:00\",\"dateModified\":\"2023-10-12T12:07:24+00:00\",\"description\":\"Die Drahterkennung erkennt Komponenten und Dr\u00e4hte mit kleinen Abst\u00e4nden, die Aufgrund von Prozesstoleranzen oder der Handhabung von Teilen aus der Position geraten.\",\"breadcrumb\":{\"@id\":\"https:\\\/\\\/www.xyztec.com\\\/de\\\/funktionen\\\/automatisierung\\\/drahterkennung\\\/#breadcrumb\"},\"inLanguage\":\"de\",\"potentialAction\":[{\"@type\":\"ReadAction\",\"target\":[\"https:\\\/\\\/www.xyztec.com\\\/de\\\/funktionen\\\/automatisierung\\\/drahterkennung\\\/\"]}]},{\"@type\":\"ImageObject\",\"inLanguage\":\"de\",\"@id\":\"https:\\\/\\\/www.xyztec.com\\\/de\\\/funktionen\\\/automatisierung\\\/drahterkennung\\\/#primaryimage\",\"url\":\"https:\\\/\\\/www.xyztec.com\\\/wp-content\\\/uploads\\\/2023\\\/05\\\/Wire-detection.jpeg\",\"contentUrl\":\"https:\\\/\\\/www.xyztec.com\\\/wp-content\\\/uploads\\\/2023\\\/05\\\/Wire-detection.jpeg\",\"width\":600,\"height\":400,\"caption\":\"Wire detection\"},{\"@type\":\"BreadcrumbList\",\"@id\":\"https:\\\/\\\/www.xyztec.com\\\/de\\\/funktionen\\\/automatisierung\\\/drahterkennung\\\/#breadcrumb\",\"itemListElement\":[{\"@type\":\"ListItem\",\"position\":1,\"name\":\"Home\",\"item\":\"https:\\\/\\\/www.xyztec.com\\\/de\\\/\"},{\"@type\":\"ListItem\",\"position\":2,\"name\":\"Funktionen\",\"item\":\"https:\\\/\\\/www.xyztec.com\\\/de\\\/features\\\/\"},{\"@type\":\"ListItem\",\"position\":3,\"name\":\"Automatisierung\",\"item\":\"https:\\\/\\\/www.xyztec.com\\\/de\\\/features\\\/automation\\\/\"},{\"@type\":\"ListItem\",\"position\":4,\"name\":\"Drahterkennung\"}]},{\"@type\":\"WebSite\",\"@id\":\"https:\\\/\\\/www.xyztec.com\\\/de\\\/#website\",\"url\":\"https:\\\/\\\/www.xyztec.com\\\/de\\\/\",\"name\":\"Xyztec\",\"description\":\"\",\"potentialAction\":[{\"@type\":\"SearchAction\",\"target\":{\"@type\":\"EntryPoint\",\"urlTemplate\":\"https:\\\/\\\/www.xyztec.com\\\/de\\\/?s={search_term_string}\"},\"query-input\":{\"@type\":\"PropertyValueSpecification\",\"valueRequired\":true,\"valueName\":\"search_term_string\"}}],\"inLanguage\":\"de\"}]}<\/script>\n<!-- \/ Yoast SEO plugin. -->","yoast_head_json":{"title":"Drahterkennung lernt Verbindungspositionen.","description":"Die Drahterkennung erkennt Komponenten und Dr\u00e4hte mit kleinen Abst\u00e4nden, die Aufgrund von Prozesstoleranzen oder der Handhabung von Teilen aus der Position geraten.","robots":{"index":"index","follow":"follow","max-snippet":"max-snippet:-1","max-image-preview":"max-image-preview:large","max-video-preview":"max-video-preview:-1"},"canonical":"https:\/\/www.xyztec.com\/de\/funktionen\/automatisierung\/drahterkennung\/","og_locale":"de_DE","og_type":"article","og_title":"Drahterkennung lernt Verbindungspositionen.","og_description":"Die Drahterkennung erkennt Komponenten und Dr\u00e4hte mit kleinen Abst\u00e4nden, die Aufgrund von Prozesstoleranzen oder der Handhabung von Teilen aus der Position geraten.","og_url":"https:\/\/www.xyztec.com\/de\/funktionen\/automatisierung\/drahterkennung\/","og_site_name":"Xyztec","article_modified_time":"2023-10-12T12:07:24+00:00","og_image":[{"width":600,"height":400,"url":"https:\/\/www.xyztec.com\/wp-content\/uploads\/2023\/05\/Wire-detection.jpeg","type":"image\/jpeg"}],"twitter_card":"summary_large_image","twitter_misc":{"Gesch\u00e4tzte Lesezeit":"1\u00a0Minute"},"schema":{"@context":"https:\/\/schema.org","@graph":[{"@type":"WebPage","@id":"https:\/\/www.xyztec.com\/de\/funktionen\/automatisierung\/drahterkennung\/","url":"https:\/\/www.xyztec.com\/de\/funktionen\/automatisierung\/drahterkennung\/","name":"Drahterkennung lernt Verbindungspositionen.","isPartOf":{"@id":"https:\/\/www.xyztec.com\/de\/#website"},"primaryImageOfPage":{"@id":"https:\/\/www.xyztec.com\/de\/funktionen\/automatisierung\/drahterkennung\/#primaryimage"},"image":{"@id":"https:\/\/www.xyztec.com\/de\/funktionen\/automatisierung\/drahterkennung\/#primaryimage"},"thumbnailUrl":"https:\/\/www.xyztec.com\/wp-content\/uploads\/2023\/05\/Wire-detection.jpeg","datePublished":"2023-06-08T11:59:08+00:00","dateModified":"2023-10-12T12:07:24+00:00","description":"Die Drahterkennung erkennt Komponenten und Dr\u00e4hte mit kleinen Abst\u00e4nden, die Aufgrund von Prozesstoleranzen oder der Handhabung von Teilen aus der Position geraten.","breadcrumb":{"@id":"https:\/\/www.xyztec.com\/de\/funktionen\/automatisierung\/drahterkennung\/#breadcrumb"},"inLanguage":"de","potentialAction":[{"@type":"ReadAction","target":["https:\/\/www.xyztec.com\/de\/funktionen\/automatisierung\/drahterkennung\/"]}]},{"@type":"ImageObject","inLanguage":"de","@id":"https:\/\/www.xyztec.com\/de\/funktionen\/automatisierung\/drahterkennung\/#primaryimage","url":"https:\/\/www.xyztec.com\/wp-content\/uploads\/2023\/05\/Wire-detection.jpeg","contentUrl":"https:\/\/www.xyztec.com\/wp-content\/uploads\/2023\/05\/Wire-detection.jpeg","width":600,"height":400,"caption":"Wire detection"},{"@type":"BreadcrumbList","@id":"https:\/\/www.xyztec.com\/de\/funktionen\/automatisierung\/drahterkennung\/#breadcrumb","itemListElement":[{"@type":"ListItem","position":1,"name":"Home","item":"https:\/\/www.xyztec.com\/de\/"},{"@type":"ListItem","position":2,"name":"Funktionen","item":"https:\/\/www.xyztec.com\/de\/features\/"},{"@type":"ListItem","position":3,"name":"Automatisierung","item":"https:\/\/www.xyztec.com\/de\/features\/automation\/"},{"@type":"ListItem","position":4,"name":"Drahterkennung"}]},{"@type":"WebSite","@id":"https:\/\/www.xyztec.com\/de\/#website","url":"https:\/\/www.xyztec.com\/de\/","name":"Xyztec","description":"","potentialAction":[{"@type":"SearchAction","target":{"@type":"EntryPoint","urlTemplate":"https:\/\/www.xyztec.com\/de\/?s={search_term_string}"},"query-input":{"@type":"PropertyValueSpecification","valueRequired":true,"valueName":"search_term_string"}}],"inLanguage":"de"}]}},"_links":{"self":[{"href":"https:\/\/www.xyztec.com\/de\/wp-json\/wp\/v2\/pages\/61186","targetHints":{"allow":["GET"]}}],"collection":[{"href":"https:\/\/www.xyztec.com\/de\/wp-json\/wp\/v2\/pages"}],"about":[{"href":"https:\/\/www.xyztec.com\/de\/wp-json\/wp\/v2\/types\/page"}],"author":[{"embeddable":true,"href":"https:\/\/www.xyztec.com\/de\/wp-json\/wp\/v2\/users\/29"}],"replies":[{"embeddable":true,"href":"https:\/\/www.xyztec.com\/de\/wp-json\/wp\/v2\/comments?post=61186"}],"version-history":[{"count":4,"href":"https:\/\/www.xyztec.com\/de\/wp-json\/wp\/v2\/pages\/61186\/revisions"}],"predecessor-version":[{"id":70225,"href":"https:\/\/www.xyztec.com\/de\/wp-json\/wp\/v2\/pages\/61186\/revisions\/70225"}],"up":[{"embeddable":true,"href":"https:\/\/www.xyztec.com\/de\/wp-json\/wp\/v2\/pages\/56705"}],"wp:featuredmedia":[{"embeddable":true,"href":"https:\/\/www.xyztec.com\/de\/wp-json\/wp\/v2\/media\/50592"}],"wp:attachment":[{"href":"https:\/\/www.xyztec.com\/de\/wp-json\/wp\/v2\/media?parent=61186"}],"curies":[{"name":"wp","href":"https:\/\/api.w.org\/{rel}","templated":true}]}}