{"id":62430,"date":"2023-06-11T14:34:36","date_gmt":"2023-06-11T14:34:36","guid":{"rendered":"https:\/\/www.xyztec.com\/die-seite-ist-nicht-verfuegbar\/"},"modified":"2023-10-12T13:15:51","modified_gmt":"2023-10-12T13:15:51","slug":"die-seite-ist-nicht-verfuegbar","status":"publish","type":"page","link":"https:\/\/www.xyztec.com\/de\/die-seite-ist-nicht-verfuegbar\/","title":{"rendered":"Die Seite ist nicht verf\u00fcgbar"},"content":{"rendered":"\t\t<div data-elementor-type=\"wp-page\" data-elementor-id=\"62430\" class=\"elementor elementor-62430 elementor-157\" data-elementor-post-type=\"page\">\n\t\t\t\t\t\t<section class=\"elementor-section elementor-top-section elementor-element elementor-element-72712e7 elementor-section-height-min-height elementor-section-items-top elementor-section-content-middle elementor-section-full_width elementor-section-height-default\" data-id=\"72712e7\" data-element_type=\"section\" data-e-type=\"section\" data-settings=\"{&quot;background_background&quot;:&quot;classic&quot;}\">\n\t\t\t\t\t\t<div class=\"elementor-container elementor-column-gap-default\">\n\t\t\t\t\t<div class=\"elementor-column elementor-col-100 elementor-top-column elementor-element elementor-element-3dd6ab1\" data-id=\"3dd6ab1\" data-element_type=\"column\" data-e-type=\"column\">\n\t\t\t<div class=\"elementor-widget-wrap elementor-element-populated\">\n\t\t\t\t\t\t<section class=\"elementor-section elementor-inner-section elementor-element elementor-element-3bf6a4e elementor-section-boxed elementor-section-height-default elementor-section-height-default\" data-id=\"3bf6a4e\" data-element_type=\"section\" data-e-type=\"section\">\n\t\t\t\t\t\t<div class=\"elementor-container elementor-column-gap-default\">\n\t\t\t\t\t<div class=\"elementor-column elementor-col-100 elementor-inner-column elementor-element elementor-element-6ad632d\" data-id=\"6ad632d\" data-element_type=\"column\" data-e-type=\"column\" data-settings=\"{&quot;background_background&quot;:&quot;classic&quot;}\">\n\t\t\t<div class=\"elementor-widget-wrap elementor-element-populated\">\n\t\t\t\t\t\t<div class=\"elementor-element elementor-element-659a6e6 elementor-absolute elementor-widget__width-initial elementor-widget elementor-widget-heading\" data-id=\"659a6e6\" data-element_type=\"widget\" data-e-type=\"widget\" data-settings=\"{&quot;_position&quot;:&quot;absolute&quot;}\" data-widget_type=\"heading.default\">\n\t\t\t\t<div class=\"elementor-widget-container\">\n\t\t\t\t\t<h1 class=\"elementor-heading-title elementor-size-default\">Seite ist nicht verf\u00fcgbar<\/h1>\t\t\t\t<\/div>\n\t\t\t\t<\/div>\n\t\t\t\t<div class=\"elementor-element elementor-element-e6f3bbd elementor-hidden-phone elementor-widget elementor-widget-heading\" data-id=\"e6f3bbd\" data-element_type=\"widget\" data-e-type=\"widget\" data-widget_type=\"heading.default\">\n\t\t\t\t<div class=\"elementor-widget-container\">\n\t\t\t\t\t<h2 class=\"elementor-heading-title elementor-size-default\">Sorry<\/h2>\t\t\t\t<\/div>\n\t\t\t\t<\/div>\n\t\t\t\t\t<\/div>\n\t\t<\/div>\n\t\t\t\t\t<\/div>\n\t\t<\/section>\n\t\t\t\t\t<\/div>\n\t\t<\/div>\n\t\t\t\t\t<\/div>\n\t\t<\/section>\n\t\t\t\t<section class=\"elementor-section elementor-top-section elementor-element elementor-element-d79d61f custom-container-width elementor-section-boxed elementor-section-height-default elementor-section-height-default\" data-id=\"d79d61f\" data-element_type=\"section\" data-e-type=\"section\" data-settings=\"{&quot;background_background&quot;:&quot;classic&quot;}\">\n\t\t\t\t\t\t<div class=\"elementor-container elementor-column-gap-default\">\n\t\t\t\t\t<div class=\"elementor-column elementor-col-100 elementor-top-column elementor-element elementor-element-c385cbb\" data-id=\"c385cbb\" data-element_type=\"column\" data-e-type=\"column\" data-settings=\"{&quot;background_background&quot;:&quot;classic&quot;}\">\n\t\t\t<div class=\"elementor-widget-wrap elementor-element-populated\">\n\t\t\t\t\t\t<section class=\"elementor-section elementor-inner-section elementor-element elementor-element-37aeac4 elementor-section-boxed elementor-section-height-default elementor-section-height-default\" data-id=\"37aeac4\" data-element_type=\"section\" data-e-type=\"section\" data-settings=\"{&quot;background_background&quot;:&quot;classic&quot;}\">\n\t\t\t\t\t\t<div class=\"elementor-container elementor-column-gap-default\">\n\t\t\t\t\t<div class=\"elementor-column elementor-col-100 elementor-inner-column elementor-element elementor-element-afef06b\" data-id=\"afef06b\" data-element_type=\"column\" data-e-type=\"column\">\n\t\t\t<div class=\"elementor-widget-wrap elementor-element-populated\">\n\t\t\t\t\t\t<div class=\"elementor-element elementor-element-46d12fb elementor-widget__width-initial elementor-widget-mobile__width-initial elementor-widget elementor-widget-text-editor\" data-id=\"46d12fb\" data-element_type=\"widget\" data-e-type=\"widget\" data-widget_type=\"text-editor.default\">\n\t\t\t\t<div class=\"elementor-widget-container\">\n\t\t\t\t\t\t\t\t\tWir bem\u00fchen uns, unsere Inhalte in m\u00f6glichst vielen Sprachen anzubieten, darunter:\t\t\t\t\t\t\t\t<\/div>\n\t\t\t\t<\/div>\n\t\t\t\t<div class=\"elementor-element elementor-element-58e24b6 elementor-widget__width-initial elementor-widget-mobile__width-initial elementor-widget elementor-widget-text-editor\" data-id=\"58e24b6\" data-element_type=\"widget\" data-e-type=\"widget\" data-widget_type=\"text-editor.default\">\n\t\t\t\t<div class=\"elementor-widget-container\">\n\t\t\t\t\t\t\t\t\t<ul class=\"bulletimg\">\n<li>Englisch<\/li>\n<li>Deutsch<\/li>\n<li>\u7b80 \u4e2d (vereinfachtes Chinesisch)<\/li>\n<li>\u7e41 \u4e2d (traditionelles Chinesisch)<\/li>\n<li>\u65e5\u672c (Japanisch)<\/li>\n<li>\ud55c\uad6d\uc5b4 (Koreanisch)<\/li>\n<li>\u0440\u0443\u0441\u0441\u043a\u0438\u0439 (russisch)<\/li>\n<\/ul>\n\t\t\t\t\t\t\t\t<\/div>\n\t\t\t\t<\/div>\n\t\t\t\t<div class=\"elementor-element elementor-element-b2b9095 elementor-widget__width-initial elementor-widget-mobile__width-initial elementor-widget elementor-widget-text-editor\" data-id=\"b2b9095\" data-element_type=\"widget\" data-e-type=\"widget\" data-widget_type=\"text-editor.default\">\n\t\t\t\t<div class=\"elementor-widget-container\">\n\t\t\t\t\t\t\t\t\t<p>Wenn eine Seite in Ihrer Sprache nicht verf\u00fcgbar ist, wird automatisch die englische Standardseite angezeigt. Ihr Browser ist auf ENGLISCH eingestellt. \u00dcberpr\u00fcfen Sie Ihre Browsereinstellungen, wenn Sie in einer anderen Sprache auf unsere Website zugreifen m\u00f6chten.<\/p>\n\t\t\t\t\t\t\t\t<\/div>\n\t\t\t\t<\/div>\n\t\t\t\t\t<\/div>\n\t\t<\/div>\n\t\t\t\t\t<\/div>\n\t\t<\/section>\n\t\t\t\t\t<\/div>\n\t\t<\/div>\n\t\t\t\t\t<\/div>\n\t\t<\/section>\n\t\t\t\t<\/div>\n\t\t","protected":false},"excerpt":{"rendered":"<p>Seite ist nicht verf\u00fcgbar Sorry Wir bem\u00fchen uns, unsere Inhalte in m\u00f6glichst vielen Sprachen anzubieten, darunter: Englisch Deutsch \u7b80 \u4e2d (vereinfachtes Chinesisch) \u7e41 \u4e2d (traditionelles Chinesisch) \u65e5\u672c (Japanisch) \ud55c\uad6d\uc5b4 (Koreanisch) [&hellip;]<\/p>\n","protected":false},"author":29,"featured_media":0,"parent":0,"menu_order":0,"comment_status":"closed","ping_status":"closed","template":"elementor_header_footer","meta":{"_acf_changed":false,"footnotes":""},"class_list":["post-62430","page","type-page","status-publish","hentry"],"acf":[],"yoast_head":"<!-- This site is optimized with the Yoast SEO plugin v27.3 - https:\/\/yoast.com\/product\/yoast-seo-wordpress\/ -->\n<title>Die Seite ist nicht verf\u00fcgbar<\/title>\n<meta name=\"description\" content=\"Wenn eine Seite in Ihrer Sprache nicht verf\u00fcgbar ist, zeigen wir automatisch die standardm\u00e4\u00dfige englische Seite an.\" \/>\n<meta name=\"robots\" content=\"index, follow, max-snippet:-1, max-image-preview:large, max-video-preview:-1\" \/>\n<link rel=\"canonical\" href=\"https:\/\/www.xyztec.com\/de\/die-seite-ist-nicht-verfuegbar\/\" \/>\n<meta property=\"og:locale\" content=\"de_DE\" \/>\n<meta property=\"og:type\" content=\"article\" \/>\n<meta property=\"og:title\" content=\"Die Seite ist nicht verf\u00fcgbar\" \/>\n<meta property=\"og:description\" content=\"Wenn eine Seite in Ihrer Sprache nicht verf\u00fcgbar ist, zeigen wir automatisch die standardm\u00e4\u00dfige englische Seite an.\" \/>\n<meta property=\"og:url\" content=\"https:\/\/www.xyztec.com\/de\/die-seite-ist-nicht-verfuegbar\/\" \/>\n<meta property=\"og:site_name\" content=\"Xyztec\" \/>\n<meta property=\"article:modified_time\" content=\"2023-10-12T13:15:51+00:00\" \/>\n<meta name=\"twitter:card\" content=\"summary_large_image\" \/>\n<meta name=\"twitter:label1\" content=\"Gesch\u00e4tzte Lesezeit\" \/>\n\t<meta name=\"twitter:data1\" content=\"1\u00a0Minute\" \/>\n<script type=\"application\/ld+json\" class=\"yoast-schema-graph\">{\"@context\":\"https:\\\/\\\/schema.org\",\"@graph\":[{\"@type\":\"WebPage\",\"@id\":\"https:\\\/\\\/www.xyztec.com\\\/de\\\/die-seite-ist-nicht-verfuegbar\\\/\",\"url\":\"https:\\\/\\\/www.xyztec.com\\\/de\\\/die-seite-ist-nicht-verfuegbar\\\/\",\"name\":\"Die Seite ist nicht verf\u00fcgbar\",\"isPartOf\":{\"@id\":\"https:\\\/\\\/www.xyztec.com\\\/de\\\/#website\"},\"datePublished\":\"2023-06-11T14:34:36+00:00\",\"dateModified\":\"2023-10-12T13:15:51+00:00\",\"description\":\"Wenn eine Seite in Ihrer Sprache nicht verf\u00fcgbar ist, zeigen wir automatisch die standardm\u00e4\u00dfige englische Seite an.\",\"breadcrumb\":{\"@id\":\"https:\\\/\\\/www.xyztec.com\\\/de\\\/die-seite-ist-nicht-verfuegbar\\\/#breadcrumb\"},\"inLanguage\":\"de\",\"potentialAction\":[{\"@type\":\"ReadAction\",\"target\":[\"https:\\\/\\\/www.xyztec.com\\\/de\\\/die-seite-ist-nicht-verfuegbar\\\/\"]}]},{\"@type\":\"BreadcrumbList\",\"@id\":\"https:\\\/\\\/www.xyztec.com\\\/de\\\/die-seite-ist-nicht-verfuegbar\\\/#breadcrumb\",\"itemListElement\":[{\"@type\":\"ListItem\",\"position\":1,\"name\":\"Home\",\"item\":\"https:\\\/\\\/www.xyztec.com\\\/de\\\/\"},{\"@type\":\"ListItem\",\"position\":2,\"name\":\"Die Seite ist nicht verf\u00fcgbar\"}]},{\"@type\":\"WebSite\",\"@id\":\"https:\\\/\\\/www.xyztec.com\\\/de\\\/#website\",\"url\":\"https:\\\/\\\/www.xyztec.com\\\/de\\\/\",\"name\":\"Xyztec\",\"description\":\"\",\"potentialAction\":[{\"@type\":\"SearchAction\",\"target\":{\"@type\":\"EntryPoint\",\"urlTemplate\":\"https:\\\/\\\/www.xyztec.com\\\/de\\\/?s={search_term_string}\"},\"query-input\":{\"@type\":\"PropertyValueSpecification\",\"valueRequired\":true,\"valueName\":\"search_term_string\"}}],\"inLanguage\":\"de\"}]}<\/script>\n<!-- \/ Yoast SEO plugin. -->","yoast_head_json":{"title":"Die Seite ist nicht verf\u00fcgbar","description":"Wenn eine Seite in Ihrer Sprache nicht verf\u00fcgbar ist, zeigen wir automatisch die standardm\u00e4\u00dfige englische Seite an.","robots":{"index":"index","follow":"follow","max-snippet":"max-snippet:-1","max-image-preview":"max-image-preview:large","max-video-preview":"max-video-preview:-1"},"canonical":"https:\/\/www.xyztec.com\/de\/die-seite-ist-nicht-verfuegbar\/","og_locale":"de_DE","og_type":"article","og_title":"Die Seite ist nicht verf\u00fcgbar","og_description":"Wenn eine Seite in Ihrer Sprache nicht verf\u00fcgbar ist, zeigen wir automatisch die standardm\u00e4\u00dfige englische Seite an.","og_url":"https:\/\/www.xyztec.com\/de\/die-seite-ist-nicht-verfuegbar\/","og_site_name":"Xyztec","article_modified_time":"2023-10-12T13:15:51+00:00","twitter_card":"summary_large_image","twitter_misc":{"Gesch\u00e4tzte Lesezeit":"1\u00a0Minute"},"schema":{"@context":"https:\/\/schema.org","@graph":[{"@type":"WebPage","@id":"https:\/\/www.xyztec.com\/de\/die-seite-ist-nicht-verfuegbar\/","url":"https:\/\/www.xyztec.com\/de\/die-seite-ist-nicht-verfuegbar\/","name":"Die Seite ist nicht verf\u00fcgbar","isPartOf":{"@id":"https:\/\/www.xyztec.com\/de\/#website"},"datePublished":"2023-06-11T14:34:36+00:00","dateModified":"2023-10-12T13:15:51+00:00","description":"Wenn eine Seite in Ihrer Sprache nicht verf\u00fcgbar ist, zeigen wir automatisch die standardm\u00e4\u00dfige englische Seite an.","breadcrumb":{"@id":"https:\/\/www.xyztec.com\/de\/die-seite-ist-nicht-verfuegbar\/#breadcrumb"},"inLanguage":"de","potentialAction":[{"@type":"ReadAction","target":["https:\/\/www.xyztec.com\/de\/die-seite-ist-nicht-verfuegbar\/"]}]},{"@type":"BreadcrumbList","@id":"https:\/\/www.xyztec.com\/de\/die-seite-ist-nicht-verfuegbar\/#breadcrumb","itemListElement":[{"@type":"ListItem","position":1,"name":"Home","item":"https:\/\/www.xyztec.com\/de\/"},{"@type":"ListItem","position":2,"name":"Die Seite ist nicht verf\u00fcgbar"}]},{"@type":"WebSite","@id":"https:\/\/www.xyztec.com\/de\/#website","url":"https:\/\/www.xyztec.com\/de\/","name":"Xyztec","description":"","potentialAction":[{"@type":"SearchAction","target":{"@type":"EntryPoint","urlTemplate":"https:\/\/www.xyztec.com\/de\/?s={search_term_string}"},"query-input":{"@type":"PropertyValueSpecification","valueRequired":true,"valueName":"search_term_string"}}],"inLanguage":"de"}]}},"_links":{"self":[{"href":"https:\/\/www.xyztec.com\/de\/wp-json\/wp\/v2\/pages\/62430","targetHints":{"allow":["GET"]}}],"collection":[{"href":"https:\/\/www.xyztec.com\/de\/wp-json\/wp\/v2\/pages"}],"about":[{"href":"https:\/\/www.xyztec.com\/de\/wp-json\/wp\/v2\/types\/page"}],"author":[{"embeddable":true,"href":"https:\/\/www.xyztec.com\/de\/wp-json\/wp\/v2\/users\/29"}],"replies":[{"embeddable":true,"href":"https:\/\/www.xyztec.com\/de\/wp-json\/wp\/v2\/comments?post=62430"}],"version-history":[{"count":5,"href":"https:\/\/www.xyztec.com\/de\/wp-json\/wp\/v2\/pages\/62430\/revisions"}],"predecessor-version":[{"id":70332,"href":"https:\/\/www.xyztec.com\/de\/wp-json\/wp\/v2\/pages\/62430\/revisions\/70332"}],"wp:attachment":[{"href":"https:\/\/www.xyztec.com\/de\/wp-json\/wp\/v2\/media?parent=62430"}],"curies":[{"name":"wp","href":"https:\/\/api.w.org\/{rel}","templated":true}]}}